{"id":1017,"date":"2024-01-02T12:13:49","date_gmt":"2024-01-02T12:13:49","guid":{"rendered":"https:\/\/nerecyilmaz.com\/?page_id=1017"},"modified":"2025-10-01T17:29:22","modified_gmt":"2025-10-01T17:29:22","slug":"sosyal-medya-danismanligi","status":"publish","type":"page","link":"https:\/\/www.nerecyilmaz.com\/tr\/sosyal-medya-danismanligi\/","title":{"rendered":"Sosyal Medya Dan\u0131\u015fmanl\u0131\u011f\u0131"},"content":{"rendered":"<section class=\"l-section wpb_row height_small width_custom\" style=\"--site-content-width:980px;\"><div class=\"l-section-h i-cf\"><div class=\"g-cols vc_row via_grid cols_1 laptops-cols_inherit tablets-cols_inherit mobiles-cols_1 valign_top type_default stacking_default\"><div class=\"wpb_column vc_column_container\"><div class=\"vc_column-inner\"><div class=\"wpb_text_column\"><div class=\"wpb_wrapper\"><h1 style=\"text-align: center;\"><strong>Sosyal Medya Dan\u0131\u015fmanl\u0131\u011f\u0131<\/strong><\/h1>\n<p><strong data-start=\"667\" data-end=\"713\">Markan Sosyal Medyada Hak Etti\u011fi Yerde mi?<\/strong><br data-start=\"713\" data-end=\"716\" \/>Sosyal medya art\u0131k sadece g\u00f6r\u00fcn\u00fcrl\u00fck i\u00e7in de\u011fil; sat\u0131\u015f, m\u00fc\u015fteri kazan\u0131m\u0131 ve marka g\u00fcveni i\u00e7in en g\u00fc\u00e7l\u00fc ara\u00e7.<\/p>\n<p>Sosyal medyada <strong data-start=\"891\" data-end=\"939\">s\u0131f\u0131rdan g\u00fc\u00e7l\u00fc bir stratejiye sahip olmas\u0131na<\/strong> ve <strong data-start=\"943\" data-end=\"999\">d\u00fczenli i\u00e7erik y\u00f6netimiyle rakiplerinden ayr\u0131\u015fmas\u0131na<\/strong> yard\u0131mc\u0131 oluyorum.<\/p>\n<p data-start=\"1022\" data-end=\"1043\">\ud83d\udccc \u0130htiyac\u0131na g\u00f6re:<\/p>\n<ul data-start=\"1044\" data-end=\"1187\">\n<li data-start=\"1044\" data-end=\"1121\">\n<p data-start=\"1046\" data-end=\"1121\">Sadece <strong data-start=\"1053\" data-end=\"1068\">dan\u0131\u015fmanl\u0131k<\/strong> alabilir, t\u00fcm stratejini haz\u0131r teslim alabilirsin.<\/p>\n<\/li>\n<li data-start=\"1122\" data-end=\"1187\">\n<p data-start=\"1124\" data-end=\"1187\">Ya da <strong data-start=\"1130\" data-end=\"1185\">y\u00f6netim hizmetiyle t\u00fcm s\u00fcreci bana devredebilirsin.<\/strong><\/p>\n<\/li>\n<\/ul>\n<\/div><\/div><\/div><\/div><\/div><\/div><\/section><section class=\"l-section wpb_row height_small width_custom\" style=\"--site-content-width:980px;\"><div class=\"l-section-h i-cf\"><div class=\"g-cols vc_row via_grid cols_2 laptops-cols_inherit tablets-cols_inherit mobiles-cols_1 valign_top type_default stacking_default\"><div class=\"wpb_column vc_column_container\"><div class=\"vc_column-inner\"><div class=\"w-image style_shadow-1 has_ratio align_none\"><div class=\"w-image-h\"><div style=\"padding-bottom:133.3333%\"><\/div><img decoding=\"async\" width=\"1080\" height=\"1350\" src=\"https:\/\/www.nerecyilmaz.com\/wp-content\/uploads\/2025\/09\/marka-gorseli-6.webp\" class=\"attachment-large size-large\" alt=\"\" loading=\"lazy\" \/><\/div><\/div><\/div><\/div><div class=\"wpb_column vc_column_container\"><div class=\"vc_column-inner\"><div class=\"wpb_text_column\"><div class=\"wpb_wrapper\"><h2>Neler Yap\u0131yoruz?<\/h2>\n<ul>\n<li><strong>\u00c7e\u015fitli sekt\u00f6r deneyimi:<\/strong> E-ticaret, turizm, finans, kurumsal ve yerel i\u015fletmelerde sosyal medya stratejileri geli\u015ftirdim.<\/li>\n<li><strong>Veri odakl\u0131 kararlar<\/strong>: Rakip analizi ve kullan\u0131c\u0131 davran\u0131\u015f analiz sonu\u00e7lar\u0131na g\u00f6re veri odakl\u0131 geli\u015ftirmeler.<\/li>\n<li><strong>Hedef odakl\u0131 roadmap:<\/strong> \u0130lk 30 g\u00fcnde h\u0131zl\u0131 etkile\u015fim art\u0131\u015f\u0131, 90 g\u00fcnde s\u00fcrd\u00fcr\u00fclebilir b\u00fcy\u00fcme.<\/li>\n<li><strong>\u015eeffaf raporlama:<\/strong> Ayl\u0131k performans raporu, \u00f6neriler ve aksiyon planlar\u0131.<\/li>\n<li><strong>Uygulamaya e\u015flik:<\/strong> <a href=\"https:\/\/nerecyilmaz.com\/tr\/ugc-rehberi\/\" rel=\"nofollow noopener\" target=\"_blank\">UGC<\/a>, i\u00e7erik \u00fcreticiler, reklam ajanslar\u0131 ve ekiplerle birebir koordinasyon.<\/li>\n<\/ul>\n<\/div><\/div><\/div><\/div><\/div><\/div><\/section><section class=\"l-section wpb_row height_medium width_custom\" style=\"--site-content-width:980px;\"><div class=\"l-section-h i-cf\"><div class=\"g-cols vc_row via_grid cols_1 laptops-cols_inherit tablets-cols_inherit mobiles-cols_1 valign_top type_default stacking_default\"><div class=\"wpb_column vc_column_container\"><div class=\"vc_column-inner\"><div class=\"wpb_text_column\"><div class=\"wpb_wrapper\"><h3><strong>Hizmet Detaylar\u0131<\/strong><\/h3>\n<h4 data-start=\"1322\" data-end=\"1376\"><strong>Sosyal Medya Dan\u0131\u015fmanl\u0131\u011f\u0131 (Strateji + Rehberlik)<\/strong><\/h4>\n<ul data-start=\"1377\" data-end=\"1575\">\n<li data-start=\"1377\" data-end=\"1427\">\n<p data-start=\"1379\" data-end=\"1427\">Hesab\u0131n i\u00e7in \u00f6zel haz\u0131rlanm\u0131\u015f strateji dosyas\u0131<\/p>\n<\/li>\n<li data-start=\"1428\" data-end=\"1484\">\n<p data-start=\"1430\" data-end=\"1484\">\u0130\u00e7erik fikirleri, kanca ba\u015fl\u0131klar, hashtag \u00f6nerileri<\/p>\n<\/li>\n<li data-start=\"1485\" data-end=\"1524\">\n<p data-start=\"1487\" data-end=\"1524\">Profil optimizasyonu, rakip analizi<\/p>\n<\/li>\n<li data-start=\"1525\" data-end=\"1575\">\n<p data-start=\"1527\" data-end=\"1575\">1 veya 3 ayl\u0131k s\u00fcrekli ileti\u015fim ve y\u00f6nlendirme<\/p>\n<\/li>\n<\/ul>\n<h4 data-start=\"1577\" data-end=\"1630\"><strong data-start=\"1577\" data-end=\"1628\">Sosyal Medya Y\u00f6netimi (Anahtar\u0131 Bana Teslim Et)<\/strong><\/h4>\n<ul data-start=\"1631\" data-end=\"1808\">\n<li data-start=\"1631\" data-end=\"1670\">\n<p data-start=\"1633\" data-end=\"1670\">Dan\u0131\u015fmanl\u0131kta sunulan t\u00fcm i\u00e7erikler<\/p>\n<\/li>\n<li data-start=\"1631\" data-end=\"1670\">\n<p data-start=\"1633\" data-end=\"1670\">D\u00fczenli i\u00e7erik \u00fcretimi ve payla\u015f\u0131m\u0131<\/p>\n<\/li>\n<li data-start=\"1631\" data-end=\"1670\">\n<p data-start=\"1633\" data-end=\"1670\">Takip\u00e7iyle etkile\u015fim &amp; raporlama<\/p>\n<\/li>\n<li data-start=\"1752\" data-end=\"1808\">\n<p data-start=\"1754\" data-end=\"1808\">Yani stratejiyi senin yerine ben hayata ge\u00e7iriyorum.<\/p>\n<\/li>\n<\/ul>\n<p data-start=\"1839\" data-end=\"1961\"><strong data-start=\"1839\" data-end=\"1850\">K\u0131saca:<\/strong> Dan\u0131\u015fmanl\u0131k = Yol haritas\u0131 + rehberlik<br data-start=\"1889\" data-end=\"1892\" \/>Y\u00f6netim = Yol haritas\u0131 + t\u00fcm s\u00fcreci senin yerine ben y\u00f6netiyorum.<\/p>\n<p><strong>Dan\u0131\u015fmanl\u0131k s\u00fcrecini 2 farkl\u0131 pakette sunuyoruz:<\/strong><\/p>\n<table>\n<thead>\n<tr>\n<th>\u00d6zellikler<\/th>\n<th><strong>1 Ayl\u0131k Dan\u0131\u015fmanl\u0131\u011f\u0131<\/strong><\/th>\n<th><strong>3 Ayl\u0131k Dan\u0131\u015fmanl\u0131\u011f\u0131<\/strong><\/th>\n<\/tr>\n<\/thead>\n<tbody>\n<tr>\n<td>Profil Optimizasyonu<\/td>\n<td style=\"text-align: center;\">\u2714\ufe0f<\/td>\n<td style=\"text-align: center;\">\u2714\ufe0f<\/td>\n<\/tr>\n<tr>\n<td>Takip\u00e7i \u00c7eken Profil Olu\u015fturma<\/td>\n<td style=\"text-align: center;\">\u2714\ufe0f<\/td>\n<td style=\"text-align: center;\">\u2714\ufe0f<\/td>\n<\/tr>\n<tr>\n<td>Mevcut G\u00f6nderilerin Analizi (hata ve eksikler)<\/td>\n<td style=\"text-align: center;\">\u2714\ufe0f<\/td>\n<td style=\"text-align: center;\">\u2714\ufe0f<\/td>\n<\/tr>\n<tr>\n<td>Story Stratejisi<\/td>\n<td style=\"text-align: center;\">\u2714\ufe0f<\/td>\n<td style=\"text-align: center;\">\u2714\ufe0f<\/td>\n<\/tr>\n<tr>\n<td>\u00d6ne \u00c7\u0131kanlar Stratejisi<\/td>\n<td style=\"text-align: center;\">\u2714\ufe0f<\/td>\n<td style=\"text-align: center;\">\u2714\ufe0f<\/td>\n<\/tr>\n<tr>\n<td>Sekt\u00f6re \u00d6zel Rakip Analizi<\/td>\n<td style=\"text-align: center;\">3 rakip<\/td>\n<td style=\"text-align: center;\">5 rakip<\/td>\n<\/tr>\n<tr>\n<td>Ni\u015fe \u00d6zel Kanca Ba\u015fl\u0131k \u00d6nerileri<\/td>\n<td style=\"text-align: center;\">12<\/td>\n<td style=\"text-align: center;\">36<\/td>\n<\/tr>\n<tr>\n<td>Ni\u015fe \u00d6zel \u0130\u00e7erik Fikirleri<\/td>\n<td style=\"text-align: center;\">12<\/td>\n<td style=\"text-align: center;\">36<\/td>\n<\/tr>\n<tr>\n<td>Hashtag Stratejisi<\/td>\n<td style=\"text-align: center;\">\u2714\ufe0f<\/td>\n<td style=\"text-align: center;\">\u2714\ufe0f<\/td>\n<\/tr>\n<tr>\n<td>Hesaba \u00d6zel Payla\u015f\u0131m Stratejisi<\/td>\n<td style=\"text-align: center;\">\u2714\ufe0f<\/td>\n<td style=\"text-align: center;\">\u2714\ufe0f<\/td>\n<\/tr>\n<tr>\n<td>Reels Payla\u015f\u0131m T\u00fcyolar\u0131<\/td>\n<td style=\"text-align: center;\">\u2714\ufe0f<\/td>\n<td style=\"text-align: center;\">\u2714\ufe0f<\/td>\n<\/tr>\n<tr>\n<td>Post Payla\u015f\u0131m T\u00fcyolar\u0131<\/td>\n<td style=\"text-align: center;\">\u2714\ufe0f<\/td>\n<td style=\"text-align: center;\">\u2714\ufe0f<\/td>\n<\/tr>\n<tr>\n<td>\u0130\u00e7erik Fikri Bulma \u00d6nerileri<\/td>\n<td style=\"text-align: center;\">\u2714\ufe0f<\/td>\n<td style=\"text-align: center;\">\u2714\ufe0f<\/td>\n<\/tr>\n<\/tbody>\n<\/table>\n<p>\u2728 40\u2019dan fazla marka ile \u00e7al\u0131\u015ft\u0131m, %86 etkile\u015fim art\u0131\u015f\u0131 ve sat\u0131\u015f d\u00f6n\u00fc\u015f\u00fcm\u00fc sa\u011flad\u0131m.<br data-start=\"2611\" data-end=\"2614\" \/>Benimle \u00e7al\u0131\u015fmaya ba\u015flad\u0131\u011f\u0131nda, sosyal medya hesab\u0131n <strong data-start=\"2669\" data-end=\"2745\">sadece aktif g\u00f6r\u00fcnmeyecek, ger\u00e7ek sonu\u00e7 getiren bir sat\u0131\u015f kanal\u0131 olacak.<\/strong><\/p>\n<p>Hizmet al\u0131m sonras\u0131 <strong>48 saat<\/strong> i\u00e7erisinde <strong>size \u00f6zel haz\u0131rlanm\u0131\u015f strateji dosyan\u0131z<\/strong> email adresinize g\u00f6nderilmektedir.<\/p>\n<\/div><\/div><div class=\"w-separator size_medium\"><\/div>\n<div class=\"wpcf7 no-js us_custom_eb849559\" id=\"wpcf7-f1529-o1\" lang=\"en-US\" dir=\"ltr\" data-wpcf7-id=\"1529\">\n<div class=\"screen-reader-response\"><p role=\"status\" aria-live=\"polite\" aria-atomic=\"true\"><\/p> <ul><\/ul><\/div>\n<form action=\"\/tr\/wp-json\/wp\/v2\/pages\/1017#wpcf7-f1529-o1\" method=\"post\" class=\"wpcf7-form init\" aria-label=\"Contact form\" novalidate=\"novalidate\" data-status=\"init\">\n<fieldset class=\"hidden-fields-container\"><input type=\"hidden\" name=\"_wpcf7\" value=\"1529\" \/><input type=\"hidden\" name=\"_wpcf7_version\" value=\"6.1.5\" \/><input type=\"hidden\" name=\"_wpcf7_locale\" value=\"en_US\" \/><input type=\"hidden\" name=\"_wpcf7_unit_tag\" value=\"wpcf7-f1529-o1\" \/><input type=\"hidden\" name=\"_wpcf7_container_post\" value=\"0\" \/><input type=\"hidden\" name=\"_wpcf7_posted_data_hash\" value=\"\" \/>\n<\/fieldset>\n<div class=\"iletisim\">\n\t<div class=\"mail-form-area-title\">\n\t\t<div class=\"mail-form-area\">\n\t\t\t<div class=\"mail-form-area-title\" style=\"text-align:center; font-weight:bold;\">\n\t\t\t\t<p>Dan\u0131\u015fmanl\u0131k talebiniz i\u00e7in formu doldurun. Sizinle ileti\u015fime ge\u00e7ece\u011fim.\n\t\t\t\t<\/p>\n\t\t\t\t<div class=\"mail-form-area-line\">\n\t\t\t\t\t<p><label><span class=\"wpcf7-form-control-wrap\" data-name=\"your-name\"><input size=\"40\" maxlength=\"400\" class=\"wpcf7-form-control wpcf7-text wpcf7-validates-as-required\" autocomplete=\"name\" aria-required=\"true\" aria-invalid=\"false\" placeholder=\"\u0130sim Soyisim\" value=\"\" type=\"text\" name=\"your-name\" \/><\/span><\/label><br \/>\n<label><span class=\"wpcf7-form-control-wrap\" data-name=\"your-email\"><input size=\"40\" maxlength=\"400\" class=\"wpcf7-form-control wpcf7-email wpcf7-validates-as-required wpcf7-text wpcf7-validates-as-email\" autocomplete=\"email\" aria-required=\"true\" aria-invalid=\"false\" placeholder=\"Mail Adresi\" value=\"\" type=\"email\" name=\"your-email\" \/><\/span> <\/label><br \/>\n<label><span class=\"wpcf7-form-control-wrap\" data-name=\"your-phone\"><input size=\"40\" maxlength=\"400\" class=\"wpcf7-form-control wpcf7-tel wpcf7-validates-as-required wpcf7-text wpcf7-validates-as-tel\" autocomplete=\"phone\" aria-required=\"true\" aria-invalid=\"false\" placeholder=\"Telefon\" value=\"\" type=\"tel\" name=\"your-phone\" \/><\/span> <\/label>\n\t\t\t\t\t<\/p>\n\t\t\t\t<\/div>\n\t\t\t\t<p><label><span class=\"wpcf7-form-control-wrap\" data-name=\"your-message\"><textarea cols=\"40\" rows=\"10\" maxlength=\"2000\" class=\"wpcf7-form-control wpcf7-textarea\" autocomplete=\"message\" aria-invalid=\"false\" placeholder=\"Mesaj\u0131n (opsiyonel)\" name=\"your-message\"><\/textarea><\/span> <\/label>\n\t\t\t\t<\/p>\n\t\t\t\t<div style=\"font-size:14px;\">\n\t\t\t\t\t<p>\u0130\u015flemi \u00e7\u00f6z\u00fcn ve sonucu girerek bot olmad\u0131\u011f\u0131n\u0131z\u0131 do\u011frulay\u0131n.\n\t\t\t\t\t<\/p>\n\t\t\t\t<\/div>\n\t\t\t\t<p><span class=\"wpcf7-form-control-wrap\" data-name=\"quiz-861\"><label><span class=\"wpcf7-quiz-label\">13+4<\/span> <input size=\"40\" class=\"wpcf7-form-control wpcf7-quiz\" autocomplete=\"off\" aria-required=\"true\" aria-invalid=\"false\" type=\"text\" name=\"quiz-861\" \/><\/label><input type=\"hidden\" name=\"_wpcf7_quiz_answer_quiz-861\" value=\"16aa4e209c27f24ffc7c58e442bd08cc\" \/><\/span><br \/>\n<input class=\"wpcf7-form-control wpcf7-submit has-spinner\" type=\"submit\" value=\"Submit\" \/>\n\t\t\t\t<\/p>\n\t\t\t<\/div>\n\t\t<\/div>\n\t<\/div>\n<\/div><p style=\"display: none !important;\" class=\"akismet-fields-container\" data-prefix=\"_wpcf7_ak_\"><label>&#916;<textarea name=\"_wpcf7_ak_hp_textarea\" cols=\"45\" rows=\"8\" maxlength=\"100\"><\/textarea><\/label><input type=\"hidden\" id=\"ak_js_1\" name=\"_wpcf7_ak_js\" value=\"83\"\/><script>document.getElementById( \"ak_js_1\" ).setAttribute( \"value\", ( new Date() ).getTime() );<\/script><\/p><div class=\"wpcf7-response-output\" aria-hidden=\"true\"><\/div>\n<\/form>\n<\/div>\n<\/div><\/div><\/div><\/div><\/section><section class=\"l-section wpb_row height_medium width_custom\" style=\"--site-content-width:980px;\"><div class=\"l-section-h i-cf\"><div class=\"g-cols vc_row via_grid cols_1 laptops-cols_inherit tablets-cols_inherit mobiles-cols_1 valign_top type_default stacking_default\"><div class=\"wpb_column vc_column_container\"><div class=\"vc_column-inner\"><div class=\"wpb_text_column\"><div class=\"wpb_wrapper\"><h4 style=\"text-align: center;\"><span style=\"color: #9e78ee;\"><strong>Instagram Dan\u0131\u015fmanl\u0131k S\u0131k\u00e7a Sorulan Sorular<\/strong><\/span><\/h4>\n<\/div><\/div><div class=\"w-tabs style_default switch_click accordion has_scrolling\" style=\"--sections-title-size:inherit\"><div class=\"w-tabs-sections titles-align_none icon_chevron cpos_right\"><div class=\"w-tabs-section\" id=\"id17\"><button class=\"w-tabs-section-header\" aria-controls=\"content-id17\" aria-expanded=\"false\"><div class=\"w-tabs-section-title\">Dan\u0131\u015fmanl\u0131k fiyat\u0131 ne kadar?<\/div><div class=\"w-tabs-section-control\"><\/div><\/button><div  class=\"w-tabs-section-content\" id=\"content-id17\"><div class=\"w-tabs-section-content-h i-cf\"><div class=\"wpb_text_column\"><div class=\"wpb_wrapper\"><p>Her hesab\u0131n\/markan\u0131n pazar\u0131, hedefleri ve hedef kitlesi farkl\u0131d\u0131r. Bu y\u00fczden her hesaba harcanan efor ve zaman da farkl\u0131l\u0131k g\u00f6sterir. Kendi hesab\u0131n\u0131z\u0131n analizi ve fiyat \u00e7\u0131kartmas\u0131 i\u00e7in formu doldurup benimle ileti\u015fime ge\u00e7ebilirsiniz.<\/p>\n<\/div><\/div><\/div><\/div><\/div><div class=\"w-tabs-section\" id=\"oe08\"><button class=\"w-tabs-section-header\" aria-controls=\"content-oe08\" aria-expanded=\"false\"><div class=\"w-tabs-section-title\">Kesin garanti var m\u0131?<\/div><div class=\"w-tabs-section-control\"><\/div><\/button><div  class=\"w-tabs-section-content\" id=\"content-oe08\"><div class=\"w-tabs-section-content-h i-cf\"><div class=\"wpb_text_column\"><div class=\"wpb_wrapper\"><p>Bir Ceren Y\u0131lmaz atas\u00f6z\u00fc der ki: canl\u0131 bir algoritmaya \u00e7al\u0131\u015f\u0131yor ve dijitalde ya\u015f\u0131yoruz. Hi\u00e7birimizin sihirli de\u011fne\u011fi yok ancak \u00e7al\u0131\u015fma azmimiz var.<\/p>\n<p>O y\u00fczden Google ve sosyal medyada hi\u00e7bir \u015feyin garantisi yoktur. Uzman olarak, hesab\u0131n\u0131z i\u00e7in haz\u0131rlad\u0131\u011f\u0131m stratejileri uygulamak ve istikrarl\u0131 olmak sizin elinizde.<\/p>\n<\/div><\/div><\/div><\/div><\/div><div class=\"w-tabs-section\" id=\"weeb\"><button class=\"w-tabs-section-header\" aria-controls=\"content-weeb\" aria-expanded=\"false\"><div class=\"w-tabs-section-title\">Instagram hesab\u0131m\u0131 nas\u0131l b\u00fcy\u00fctebilirim?<\/div><div class=\"w-tabs-section-control\"><\/div><\/button><div  class=\"w-tabs-section-content\" id=\"content-weeb\"><div class=\"w-tabs-section-content-h i-cf\"><div class=\"wpb_text_column\"><div class=\"wpb_wrapper\"><p>Tabiki istikrarl\u0131 ve geli\u015fime a\u00e7\u0131k olarak!<\/p>\n<p>Ee bir de Ceren Y\u0131lmazla \u00e7al\u0131\u015farak..<\/p>\n<\/div><\/div><\/div><\/div><\/div><div class=\"w-tabs-section\" id=\"sfe6\"><button class=\"w-tabs-section-header\" aria-controls=\"content-sfe6\" aria-expanded=\"false\"><div class=\"w-tabs-section-title\">Dan\u0131\u015fmanl\u0131kla y\u00f6netim aras\u0131ndaki fark nedir?<\/div><div class=\"w-tabs-section-control\"><\/div><\/button><div  class=\"w-tabs-section-content\" id=\"content-sfe6\"><div class=\"w-tabs-section-content-h i-cf\"><div class=\"wpb_text_column\"><div class=\"wpb_wrapper\"><p>Dan\u0131\u015fmanl\u0131kta; hesab\u0131n i\u00e7in t\u00fcm stratejiyi ben haz\u0131rl\u0131yor, i\u00e7erik fikirlerini, ba\u015fl\u0131klar\u0131, hashtagleri ve optimizasyon \u00f6nerilerini bir dosyada sana sunuyorum. S\u00fcre boyunca ileti\u015fimde kal\u0131yor, geli\u015fimini takip ediyor ve sorular\u0131n\u0131 yan\u0131tl\u0131yorum.<br data-start=\"627\" data-end=\"630\" \/>Y\u00f6netimde ise; dan\u0131\u015fmanl\u0131kta haz\u0131rlanan stratejiyi <strong data-start=\"684\" data-end=\"716\">senin yerine ben uyguluyorum<\/strong>. Yani i\u00e7erikleri ben planl\u0131yor, payla\u015f\u0131yor, etkile\u015fimleri y\u00f6netiyor ve d\u00fczenli raporlama yap\u0131yorum.<\/p>\n<\/div><\/div><\/div><\/div><\/div><div class=\"w-tabs-section\" id=\"x0af\"><button class=\"w-tabs-section-header\" aria-controls=\"content-x0af\" aria-expanded=\"false\"><div class=\"w-tabs-section-title\">Paketler aras\u0131ndaki fark nedir?<\/div><div class=\"w-tabs-section-control\"><\/div><\/button><div  class=\"w-tabs-section-content\" id=\"content-x0af\"><div class=\"w-tabs-section-content-h i-cf\"><div class=\"wpb_text_column\"><div class=\"wpb_wrapper\"><p>1 ayl\u0131k paket h\u0131zl\u0131 bir ba\u015flang\u0131\u00e7 ve k\u0131sa s\u00fcreli bir yol haritas\u0131 sunarken; 3 ayl\u0131k paket daha uzun vadeli bir geli\u015fim ve daha fazla i\u00e7erik fikri, kanca ba\u015fl\u0131k ve rakip analizi i\u00e7eriyor.<\/p>\n<\/div><\/div><\/div><\/div><\/div><div class=\"w-tabs-section\" id=\"z19e\"><button class=\"w-tabs-section-header\" aria-controls=\"content-z19e\" aria-expanded=\"false\"><div class=\"w-tabs-section-title\">Y\u00f6netim hizmetinde neler yap\u0131yorsunuz?<\/div><div class=\"w-tabs-section-control\"><\/div><\/button><div  class=\"w-tabs-section-content\" id=\"content-z19e\"><div class=\"w-tabs-section-content-h i-cf\"><div class=\"wpb_text_column\"><div class=\"wpb_wrapper\"><p data-start=\"1620\" data-end=\"1649\">\u0130\u00e7erik \u00fcretimi ve payla\u015f\u0131m\u0131, Story ve reels payla\u015f\u0131m\u0131, Etkile\u015fim y\u00f6netimi, D\u00fczenli raporlama vb.<\/p>\n<p data-start=\"1620\" data-end=\"1649\">Yani markan\u0131n sosyal medya hesab\u0131n\u0131 u\u00e7tan uca ben y\u00f6netiyorum.<\/p>\n<\/div><\/div><\/div><\/div><\/div><\/div><\/div><\/div><\/div><\/div><\/div><\/section>\n","protected":false},"excerpt":{"rendered":"Sosyal Medya Dan\u0131\u015fmanl\u0131\u011f\u0131 Markan Sosyal Medyada Hak Etti\u011fi Yerde mi?Sosyal medya art\u0131k sadece g\u00f6r\u00fcn\u00fcrl\u00fck i\u00e7in de\u011fil; sat\u0131\u015f, m\u00fc\u015fteri kazan\u0131m\u0131 ve marka g\u00fcveni i\u00e7in en g\u00fc\u00e7l\u00fc ara\u00e7. Sosyal medyada s\u0131f\u0131rdan g\u00fc\u00e7l\u00fc bir stratejiye sahip olmas\u0131na ve d\u00fczenli i\u00e7erik y\u00f6netimiyle rakiplerinden ayr\u0131\u015fmas\u0131na yard\u0131mc\u0131 oluyorum. \ud83d\udccc \u0130htiyac\u0131na g\u00f6re: Sadece dan\u0131\u015fmanl\u0131k alabilir, t\u00fcm stratejini haz\u0131r teslim alabilirsin. Ya da...","protected":false},"author":1,"featured_media":1481,"parent":0,"menu_order":0,"comment_status":"closed","ping_status":"closed","template":"","meta":{"footnotes":""},"class_list":["post-1017","page","type-page","status-publish","has-post-thumbnail","hentry"],"_links":{"self":[{"href":"https:\/\/www.nerecyilmaz.com\/tr\/wp-json\/wp\/v2\/pages\/1017","targetHints":{"allow":["GET"]}}],"collection":[{"href":"https:\/\/www.nerecyilmaz.com\/tr\/wp-json\/wp\/v2\/pages"}],"about":[{"href":"https:\/\/www.nerecyilmaz.com\/tr\/wp-json\/wp\/v2\/types\/page"}],"author":[{"embeddable":true,"href":"https:\/\/www.nerecyilmaz.com\/tr\/wp-json\/wp\/v2\/users\/1"}],"replies":[{"embeddable":true,"href":"https:\/\/www.nerecyilmaz.com\/tr\/wp-json\/wp\/v2\/comments?post=1017"}],"version-history":[{"count":2,"href":"https:\/\/www.nerecyilmaz.com\/tr\/wp-json\/wp\/v2\/pages\/1017\/revisions"}],"predecessor-version":[{"id":2203,"href":"https:\/\/www.nerecyilmaz.com\/tr\/wp-json\/wp\/v2\/pages\/1017\/revisions\/2203"}],"wp:featuredmedia":[{"embeddable":true,"href":"https:\/\/www.nerecyilmaz.com\/tr\/wp-json\/wp\/v2\/media\/1481"}],"wp:attachment":[{"href":"https:\/\/www.nerecyilmaz.com\/tr\/wp-json\/wp\/v2\/media?parent=1017"}],"curies":[{"name":"wp","href":"https:\/\/api.w.org\/{rel}","templated":true}]}}