{"id":1322,"date":"2024-09-03T20:05:31","date_gmt":"2024-09-03T20:05:31","guid":{"rendered":"https:\/\/nerecyilmaz.com\/?page_id=1322"},"modified":"2026-03-06T14:38:33","modified_gmt":"2026-03-06T14:38:33","slug":"ugc-rehberi","status":"publish","type":"page","link":"https:\/\/www.nerecyilmaz.com\/tr\/ugc-rehberi\/","title":{"rendered":"Ad\u0131m Ad\u0131m UGC Rehberi"},"content":{"rendered":"<section class=\"l-section wpb_row height_medium\"><div class=\"l-section-overlay\" style=\"background:rgba(171,176,172,0.65)\"><\/div><div class=\"l-section-h i-cf\"><div class=\"g-cols vc_row via_grid cols_1 laptops-cols_inherit tablets-cols_inherit mobiles-cols_1 valign_top type_default stacking_default\"><div class=\"wpb_column vc_column_container us_custom_539027f3 has_bg_color\"><div class=\"vc_column-inner\"><div class=\"wpb_text_column egitim-icerigi-title\"><div class=\"wpb_wrapper\"><h1 style=\"text-align: center;\"><span style=\"color: #35415b;\">Ad\u0131m Ad\u0131m <span style=\"color: #646cfd;\">UGC Olmak<\/span><\/span><\/h1>\n<\/div><\/div><div class=\"w-image us_custom_2dbf7b3f align_center\"><div class=\"w-image-h\"><img decoding=\"async\" width=\"1080\" height=\"1080\" src=\"https:\/\/www.nerecyilmaz.com\/wp-content\/uploads\/2026\/03\/ugc-nasil-olunur-2.webp\" class=\"attachment-large size-large\" alt=\"ugc nedir\" loading=\"lazy\" srcset=\"https:\/\/www.nerecyilmaz.com\/wp-content\/uploads\/2026\/03\/ugc-nasil-olunur-2.webp 1080w, https:\/\/www.nerecyilmaz.com\/wp-content\/uploads\/2026\/03\/ugc-nasil-olunur-2-150x150.webp 150w\" sizes=\"auto, (max-width: 1080px) 100vw, 1080px\" \/><\/div><\/div><div class=\"w-btn-wrapper align_center\"><a class=\"w-btn us-btn-style_1\" href=\"#buy\"><span class=\"w-btn-label\">UGC Rehberini Almak \u0130stiyorum!<\/span><\/a><\/div><div class=\"w-separator size_small\"><\/div><div class=\"wpb_text_column us_custom_aa1aee10\"><div class=\"wpb_wrapper\"><div class=\"wpb_text_column us_custom_aa1aee10\">\n<div class=\"wpb_wrapper\">\n<p><del>1250TL<\/del> yerine <strong>sadece<\/strong> 775TL!<\/p>\n<\/div>\n<\/div>\n<div class=\"wpb_text_column us_custom_93cbfeff\">\n<div class=\"wpb_wrapper\"><\/div>\n<\/div>\n<\/div><\/div><div class=\"wpb_text_column us_custom_43cc60c0\"><div class=\"wpb_wrapper\"><p style=\"text-align: center;\"><strong>Influencer olmadan <span style=\"color: #646cfd;\">markalardan hediye almak<\/span> ve i\u015fbirli\u011fi yaparak para kazanmak ister misiniz?<\/strong><\/p>\n<\/div><\/div><div class=\"w-separator size_small\"><\/div><div class=\"wpb_text_column\"><div class=\"wpb_wrapper\"><p>Yeni Ba\u015flayanlar i\u00e7in UGC e\u011fitimiyle i\u00e7indeki influencer&#8217;\u0131 ortaya \u00e7\u0131kar! Bu kapsaml\u0131 e\u011fitim, <span style=\"color: #646cfd;\"><strong>\u00a0UGC (kullan\u0131c\u0131 taraf\u0131ndan olu\u015fturulan i\u00e7erik) <\/strong><\/span>kariyerine ba\u015flamana yard\u0131mc\u0131 olmak i\u00e7in tasarlanm\u0131\u015ft\u0131r.<\/p>\n<p>\u00d6ne \u00e7\u0131kmak i\u00e7in ihtiyac\u0131n olan her \u015feyi i\u00e7eren bu kapsaml\u0131 e\u011fitim ile <strong><span style=\"color: #646cfd;\">UGC<\/span><\/strong>\u00a0<strong><span style=\"color: #646cfd;\">portf\u00f6y\u00fcn\u00fc<\/span> <\/strong>olu\u015fturabilirsin. \u0130ster markalara ula\u015f, ister sosyal medyan i\u00e7in \u00e7arp\u0131c\u0131 g\u00f6rseller olu\u015ftur, ister i\u015fini verimli bir \u015fekilde yap, bu paket seni ba\u015far\u0131ya g\u00f6t\u00fcrecek!<\/p>\n<\/div><\/div><div class=\"w-separator size_small\"><\/div><div class=\"wpb_text_column\"><div class=\"wpb_wrapper\"><p><strong>O halde haz\u0131rsan..<\/strong><span style=\"color: #646cfd;\"><strong> UGC Ser\u00fcveni ba\u015flas\u0131n\ud83d\udd14<\/strong><\/span><\/p>\n<\/div><\/div><div class=\"wpb_text_column us_custom_af6a9b6a egitim-icerigi-title\"><div class=\"wpb_wrapper\"><h2><strong>#1<\/strong> UGC Nas\u0131l Olunur?<\/h2>\n<\/div><\/div><div class=\"wpb_text_column\"><div class=\"wpb_wrapper\"><p><span style=\"font-weight: 400;\"><strong>UGC olmak i\u00e7in<\/strong> ihtiyac\u0131n olan t\u00fcm ad\u0131mlar\u0131 e\u011fitim i\u00e7erisinde bulabileceksin.\u00a0<\/span><\/p>\n<p><span style=\"font-weight: 400;\">\u00d6nceli\u011fin <strong>\u2018UGC Ne Demek?\u2019<\/strong> anlamak olacak.<\/span><\/p>\n<p><span style=\"font-weight: 400;\">Ard\u0131ndan UGC Portfolyosunun gereklilikleri ve neden bir portfolyoya ihtiyac\u0131n oldu\u011funu \u00f6\u011freneceksin.<\/span><\/p>\n<p><span style=\"font-weight: 400;\"><strong>\u2018UGC Portfolyosu Nas\u0131l Olu\u015fturulur?\u2019<\/strong> k\u0131sm\u0131na geldi\u011finde portfolyona eklemen gerekenleri ugc \u00f6rnekleri ile (5 ba\u015far\u0131l\u0131 ugc profili) g\u00f6rebileceksin.<\/span><\/p>\n<\/div><\/div><div class=\"wpb_text_column us_custom_af6a9b6a egitim-icerigi-title\" id=\"2\"><div class=\"wpb_wrapper\"><h2><strong>#2<\/strong> UGC Markalarla \u0130leti\u015fim<\/h2>\n<\/div><\/div><div class=\"wpb_text_column\"><div class=\"wpb_wrapper\"><p><span style=\"font-weight: 400;\"><strong>UGC\u2019den para kazanmak<\/strong> ve <strong>markalarla i\u015fbirli\u011fi yapmak<\/strong> istedi\u011fini biliyorum! Bunun i\u00e7in ihtiyac\u0131n olan \u2018ileti\u015fim yollar\u0131n\u0131\u2019 sana \u00f6\u011fretece\u011fim.<\/span><\/p>\n<p><span style=\"font-weight: 400;\">UGC Markalarla ileti\u015fime ge\u00e7erken kullanabilece\u011fin<strong> \u20185 Email ve 10 Mesaj Promptunu\u2019<\/strong> da dosyada bulabileceksin.<\/span><\/p>\n<p><span style=\"font-weight: 400;\"><strong>5 FARKLI N\u0130\u015eTE<\/strong> <strong>taslaklar<\/strong> ve \u2018G\u00fczellik-cilt bak\u0131m\u2019 kategorisinde direkt temas kurabilece\u011fin 10 markan\u0131n email adreslerini dosyada yer al\u0131yor.<\/span><\/p>\n<\/div><\/div><div class=\"wpb_text_column us_custom_af6a9b6a egitim-icerigi-title\"><div class=\"wpb_wrapper\"><h2><strong>#3<\/strong> <span style=\"font-weight: 400;\">UGC \u00d6rnekleri ve UGC Videolar\u0131 Nas\u0131l Yap\u0131l\u0131r?<\/span><\/h2>\n<\/div><\/div><div class=\"wpb_text_column\"><div class=\"wpb_wrapper\"><p><span style=\"font-weight: 400;\"><strong>UGC \u00f6rneklerini<\/strong> inceleyebilecek ve \u00e7e\u015fitli platformlarda arama yaparak \u2018kendi tarz\u0131na uygun\u2019 video \u00f6rnekleri bulman\u0131n k\u0131sa yolunu \u00f6\u011freneceksin.<\/span><\/p>\n<\/div><\/div><div class=\"wpb_text_column us_custom_af6a9b6a egitim-icerigi-title\"><div class=\"wpb_wrapper\"><h2><strong>#4<\/strong> UGC T\u00fcrkiye Fiyatland\u0131rmas\u0131<\/h2>\n<\/div><\/div><div class=\"wpb_text_column\"><div class=\"wpb_wrapper\"><p><span style=\"font-weight: 400;\"><strong>UGC fiyatland\u0131rmalar\u0131<\/strong>, i\u00e7erik \u00fcretici ve markaya g\u00f6re de\u011fi\u015fir.\u00a0<\/span><\/p>\n<p><span style=\"font-weight: 400;\">E\u011fer ilk defa UGC\u2019ye ba\u015fl\u0131yorsan \u2018fiyat ve anla\u015fma\u2019 konular\u0131n\u0131 nas\u0131l ele alabilece\u011fini sana g\u00f6sterece\u011fim.<\/span><\/p>\n<\/div><\/div><div class=\"wpb_text_column us_custom_af6a9b6a egitim-icerigi-title\"><div class=\"wpb_wrapper\"><h2><strong>#5<\/strong> E\u011fer UGC Olmak \u0130stiyorsan;<\/h2>\n<\/div><\/div><div class=\"wpb_text_column\"><div class=\"wpb_wrapper\"><p><span style=\"font-weight: 400;\">Bu kitap;<strong> UGC\u2019de kendini geli\u015ftirmek isteyen <\/strong>ve <strong>UGC\u2019ye yeni ba\u015flayanlar<\/strong> i\u00e7in ihtiyac\u0131n olan her \u015feyi i\u00e7ermektedir.<\/span><\/p>\n<p><span style=\"font-weight: 400;\"><strong>UGC i\u00e7erik \u00fcreticisi olmak<\/strong> istiyorsan bilmen gerekir ki;<\/span><\/p>\n<ul>\n<li style=\"font-weight: 400;\" aria-level=\"1\"><span style=\"font-weight: 400;\">E\u011fitim seni ba\u015far\u0131ya g\u00f6t\u00fcrecek yolda \u2018en b\u00fcy\u00fck motivasyon kayna\u011f\u0131n\u2019 olacakt\u0131r. Lakin ba\u015far\u0131y\u0131 yakalamak ve b\u0131rakmamak senin elinde!<\/span><\/li>\n<\/ul>\n<p><span style=\"font-weight: 400;\">Kendini geli\u015ftirmeye devam etti\u011fin s\u00fcrece \u2018hayal etti\u011fin markalarla \u00e7al\u0131\u015fman\u0131n\u2019 asl\u0131nda ne kadar kolay oldu\u011funu fark edeceksin. O y\u00fczden pes etme, kendine g\u00fcven ve bu yolculukta sana rehberlik etmeme izin ver \ud83d\udc9c<\/span><\/p>\n<\/div><\/div><div class=\"w-separator size_large\" id=\"buy\"><\/div><div class=\"wpb_text_column us_custom_f029a2ba\"><div class=\"wpb_wrapper\"><p><strong>Kimler \u0130\u00e7in Uygun?<\/strong><\/p>\n<p>Lifesytle Influencer&#8217;lar<br \/>\nDijital \u0130\u00e7erik \u00dcreticileri<br \/>\nSosyal Medya Y\u00f6neticileri<br \/>\nKi\u015fisel Markala\u015fma Merakl\u0131lar\u0131 i\u00e7in \u00e7ok uygundur.<\/p>\n<p>*\u0130\u00e7erik \u00fcretmekten keyif ald\u0131\u011f\u0131n\u0131z her alanda<strong> UGC Videolar\u0131 \u00fcretebilirsin!<\/strong><\/p>\n<\/div><\/div><div class=\"wpb_text_column us_custom_8d0fd607\"><div class=\"wpb_wrapper\"><div class=\"wpb_text_column us_custom_f8a6cf91\">\n<div class=\"wpb_wrapper\">\n<p>Toplamda <del><strong>1250TL <\/strong><\/del>de\u011ferindeki bu e\u011fitime<strong> 775TL<\/strong> kar\u015f\u0131l\u0131\u011f\u0131nda eri\u015fmek i\u00e7in butona t\u0131klayabilirsin!<\/p>\n<\/div>\n<\/div>\n<\/div><\/div><div class=\"wpb_text_column us_custom_11ba6680 has_text_color\"><div class=\"wpb_wrapper\"><div class=\"builder-v2-block builder-v2-block-text styled tc-text_transform-auto\" data-block=\"text\">\n<div class=\"wpb_text_column us_custom_11ba6680 has_text_color\">\n<div class=\"wpb_wrapper\">\n<div class=\"builder-v2-block builder-v2-block-text styled tc-text_transform-auto\" data-block=\"text\">\n<p>*Bu teklif SINIRLI SAYIDA ge\u00e7erlidir. Ekranda yazan rakam artarak ilerler.<\/p>\n<\/div>\n<\/div>\n<\/div>\n<\/div>\n<\/div><\/div><div class=\"w-btn-wrapper align_center\"><a class=\"w-btn us-btn-style_1\" href=\"https:\/\/www.shopier.com\/ShowProductNew\/products.php?id=28503746&amp;sid=WU9uZjhCeU1jWUZUeE5jSjBfMl8gXyA=\" rel=\"nofollow noopener\" target=\"_blank\"><span class=\"w-btn-label\">E\u011fitimi \u015eimdi Sat\u0131n Al!<\/span><\/a><\/div><div class=\"w-separator size_medium\"><\/div><div class=\"wpb_text_column content-sections-title\"><div class=\"wpb_wrapper\"><h4 style=\"text-align: center;\"><span style=\"color: #9e78ee;\"><strong>UGC E\u011fitimi FAQ<\/strong><\/span><\/h4>\n<\/div><\/div><div class=\"w-tabs us_custom_b4c0c321 style_default switch_click accordion has_scrolling\" style=\"--sections-title-size:inherit\"><div class=\"w-tabs-sections titles-align_none icon_plus cpos_right\"><div class=\"w-tabs-section\" id=\"b98f\"><button class=\"w-tabs-section-header\" aria-controls=\"content-b98f\" aria-expanded=\"false\"><div class=\"w-tabs-section-title\">Bu kitap beni kesin bir ba\u015far\u0131ya g\u00f6t\u00fcrecek mi?<\/div><div class=\"w-tabs-section-control\"><\/div><\/button><div  class=\"w-tabs-section-content\" id=\"content-b98f\"><div class=\"w-tabs-section-content-h i-cf\"><div class=\"wpb_text_column\"><div class=\"wpb_wrapper\"><p>Evet, ama unutma!!<br \/>\nBa\u015far\u0131 seninle ba\u015flar. Kitap, UGC kariyerin i\u00e7in en b\u00fcy\u00fck yard\u0131mc\u0131n. Lakin unutma, ba\u015far\u0131 yaln\u0131zca &#8216;geli\u015fmeye ve i\u015finizitakip etmeye&#8217; devam ettik\u00e7e artacakt\u0131r.<\/p>\n<\/div><\/div><\/div><\/div><\/div><div class=\"w-tabs-section\" id=\"aa4b\"><button class=\"w-tabs-section-header\" aria-controls=\"content-aa4b\" aria-expanded=\"false\"><div class=\"w-tabs-section-title\">E\u011fitimi ald\u0131ktan sonraki s\u00fcre\u00e7 nedir?<\/div><div class=\"w-tabs-section-control\"><\/div><\/button><div  class=\"w-tabs-section-content\" id=\"content-aa4b\"><div class=\"w-tabs-section-content-h i-cf\"><div class=\"wpb_text_column\"><div class=\"wpb_wrapper\"><p>E\u011fitimi ald\u0131ktan sonra kitap belirtti\u011fin mail adresine g\u00f6nderilecektir.<\/p>\n<p>Kitaba eri\u015fimde herhangi bir sorun ya\u015farsan <strong>ads.nerec@gmail.com<\/strong> adresinden benimle her zaman ileti\u015fime ge\u00e7ebilirsiniz.<\/p>\n<\/div><\/div><\/div><\/div><\/div><div class=\"w-tabs-section\" id=\"lad1\"><button class=\"w-tabs-section-header\" aria-controls=\"content-lad1\" aria-expanded=\"false\"><div class=\"w-tabs-section-title\">E\u011fitim s\u00fcresi ne kadard\u0131r?<\/div><div class=\"w-tabs-section-control\"><\/div><\/button><div  class=\"w-tabs-section-content\" id=\"content-lad1\"><div class=\"w-tabs-section-content-h i-cf\"><div class=\"wpb_text_column\"><div class=\"wpb_wrapper\"><div class=\"gtx-body\">E\u011fitime \u00f6m\u00fcr boyu eri\u015fim hakk\u0131na sahipsin. Diledi\u011fin zaman kitab\u0131 a\u00e7\u0131p bilgilerini tazeleyebilirsin.<\/div>\n<\/div><\/div><\/div><\/div><\/div><\/div><\/div><\/div><\/div><\/div><\/div><\/section>\n","protected":false},"excerpt":{"rendered":"Ad\u0131m Ad\u0131m UGC Olmak UGC Rehberini Almak \u0130stiyorum! 1250TL yerine sadece 775TL! Influencer olmadan markalardan hediye almak ve i\u015fbirli\u011fi yaparak para kazanmak ister misiniz? Yeni Ba\u015flayanlar i\u00e7in UGC e\u011fitimiyle i\u00e7indeki influencer&#8217;\u0131 ortaya \u00e7\u0131kar! Bu kapsaml\u0131 e\u011fitim, \u00a0UGC (kullan\u0131c\u0131 taraf\u0131ndan olu\u015fturulan i\u00e7erik) kariyerine ba\u015flamana yard\u0131mc\u0131 olmak i\u00e7in tasarlanm\u0131\u015ft\u0131r. \u00d6ne \u00e7\u0131kmak i\u00e7in ihtiyac\u0131n olan her \u015feyi i\u00e7eren...","protected":false},"author":1,"featured_media":0,"parent":0,"menu_order":0,"comment_status":"closed","ping_status":"closed","template":"","meta":{"footnotes":""},"class_list":["post-1322","page","type-page","status-publish","hentry"],"_links":{"self":[{"href":"https:\/\/www.nerecyilmaz.com\/tr\/wp-json\/wp\/v2\/pages\/1322","targetHints":{"allow":["GET"]}}],"collection":[{"href":"https:\/\/www.nerecyilmaz.com\/tr\/wp-json\/wp\/v2\/pages"}],"about":[{"href":"https:\/\/www.nerecyilmaz.com\/tr\/wp-json\/wp\/v2\/types\/page"}],"author":[{"embeddable":true,"href":"https:\/\/www.nerecyilmaz.com\/tr\/wp-json\/wp\/v2\/users\/1"}],"replies":[{"embeddable":true,"href":"https:\/\/www.nerecyilmaz.com\/tr\/wp-json\/wp\/v2\/comments?post=1322"}],"version-history":[{"count":1,"href":"https:\/\/www.nerecyilmaz.com\/tr\/wp-json\/wp\/v2\/pages\/1322\/revisions"}],"predecessor-version":[{"id":2641,"href":"https:\/\/www.nerecyilmaz.com\/tr\/wp-json\/wp\/v2\/pages\/1322\/revisions\/2641"}],"wp:attachment":[{"href":"https:\/\/www.nerecyilmaz.com\/tr\/wp-json\/wp\/v2\/media?parent=1322"}],"curies":[{"name":"wp","href":"https:\/\/api.w.org\/{rel}","templated":true}]}}