{"id":734,"date":"2023-12-17T09:41:19","date_gmt":"2023-12-17T09:41:19","guid":{"rendered":"https:\/\/nerecyilmaz.com\/privacy-policy\/"},"modified":"2024-01-24T00:13:23","modified_gmt":"2024-01-24T00:13:23","slug":"gizlilik-politikasi","status":"publish","type":"page","link":"https:\/\/www.nerecyilmaz.com\/tr\/gizlilik-politikasi\/","title":{"rendered":"Gizlilik Politikas\u0131"},"content":{"rendered":"<h1>Gizlilik Politikas\u0131<\/h1>\n<p>Bu Gizlilik Politikas\u0131, Servisi kullan\u0131rken Bilgilerinizin toplanmas\u0131, kullan\u0131m\u0131 ve a\u00e7\u0131klanmas\u0131 konusundaki politikalar\u0131m\u0131z\u0131 ve prosed\u00fcrlerimizi a\u00e7\u0131klar ve mahremiyet haklar\u0131n\u0131z\u0131 ve yasalar\u0131n sizi nas\u0131l korudu\u011funu size bildirir.<\/p>\n<p>Ki\u015fisel verilerinizi Servisi sa\u011flamak ve iyile\u015ftirmek i\u00e7in kullan\u0131r\u0131z. Servisi kullanarak, bu Gizlilik Politikas\u0131&#8217;na uygun olarak bilgi toplanmas\u0131n\u0131 ve kullan\u0131lmas\u0131n\u0131 kabul etmi\u015f olursunuz.<\/p>\n<h2>Yorumlama ve Tan\u0131mlar<\/h2>\n<h3>Yorumlama<\/h3>\n<p>\u0130lk harfi b\u00fcy\u00fck olan kelimeler, a\u015fa\u011f\u0131daki ko\u015fullar alt\u0131nda tan\u0131mlanan anlamlara sahiptir. A\u015fa\u011f\u0131daki tan\u0131mlar, tekil veya \u00e7o\u011ful olmalar\u0131na bak\u0131lmaks\u0131z\u0131n ayn\u0131 anlam\u0131 ta\u015f\u0131r.<\/p>\n<h3>Tan\u0131mlar<\/h3>\n<p>Bu Gizlilik Politikas\u0131&#8217;n\u0131n ama\u00e7lar\u0131 do\u011frultusunda:<\/p>\n<p>Hesap,\u00a0Servisimize eri\u015fim sa\u011flamak veya Servisimizin belirli b\u00f6l\u00fcmlerine eri\u015fim sa\u011flamak i\u00e7in size \u00f6zel olu\u015fturulan hesapt\u0131r.<br \/>\n\u0130\u015ftirak,\u00a0bir taraf\u00e7a kontrol edilen, bir taraf\u00e7a kontrol edilen veya bir taraf\u00e7a ortak kontrol alt\u0131nda bulunan bir varl\u0131\u011f\u0131 ifade eder; &#8220;kontrol&#8221;, hisselerin, \u00f6zkaynak paylar\u0131n\u0131n veya di\u011fer oy verme hakk\u0131na sahip menkul k\u0131ymetlerin en az %50&#8217;sine sahip olmay\u0131 ifade eder.<br \/>\n\u015eirket,\u00a0Bu Anla\u015fma&#8217;da &#8220;\u015eirket&#8221;, &#8220;Biz&#8221;, &#8220;Bize&#8221; veya &#8220;Bizim&#8221; olarak an\u0131lan, Ceren Y\u0131lmaz&#8217;a at\u0131fta bulunur.<br \/>\n\u00c7erezler,\u00a0Bilgisayar\u0131n\u0131za, mobil cihaz\u0131n\u0131za veya ba\u015fka bir cihaza, bir web sitesi taraf\u0131ndan yerle\u015ftirilen ve bu web sitesindeki gezinme ge\u00e7mi\u015finizin ayr\u0131nt\u0131lar\u0131n\u0131 i\u00e7eren k\u00fc\u00e7\u00fck dosyalard\u0131r.<br \/>\n\u00dclke,\u00a0Delaware, Amerika Birle\u015fik Devletleri&#8217;ne at\u0131fta bulunur.<br \/>\nCihaz,\u00a0Servise eri\u015febilen herhangi bir cihaz, bilgisayar, cep telefonu veya dijital tablet gibi.<br \/>\nKi\u015fisel Veri,\u00a0Kimli\u011fi belirlenmi\u015f veya belirlenebilir herhangi bir bireyle ilgili bilgidir.<br \/>\nServis,\u00a0Web sitesine at\u0131fta bulunur.<br \/>\nHizmet Sa\u011flay\u0131c\u0131,\u00a0Verileri \u015eirket ad\u0131na i\u015fleyen herhangi bir do\u011fal veya t\u00fczel ki\u015fiyi ifade eder. Bu, Servisi kolayla\u015ft\u0131rmak, \u015eirket ad\u0131na Servisi sa\u011flamak, Servis ile ilgili hizmetleri ger\u00e7ekle\u015ftirmek veya Servisin nas\u0131l kullan\u0131ld\u0131\u011f\u0131n\u0131 analiz etmek i\u00e7in \u015eirket taraf\u0131ndan istihdam edilen \u00fc\u00e7\u00fcnc\u00fc taraf \u015firketleri veya bireyleri i\u00e7erir.<br \/>\n\u00dc\u00e7\u00fcnc\u00fc Taraf Sosyal Medya Hizmeti,\u00a0Bir Kullan\u0131c\u0131n\u0131n Servisi kullanmak i\u00e7in giri\u015f yapabilece\u011fi veya bir hesap olu\u015fturabilece\u011fi herhangi bir web sitesi veya sosyal a\u011f web sitesine at\u0131fta bulunur.<br \/>\nKullan\u0131m Verisi,\u00a0Servis veya Servis altyap\u0131s\u0131 taraf\u0131ndan otomatik olarak toplanan, \u00f6rne\u011fin bir sayfa ziyaretinin s\u00fcresi gibi verileri i\u00e7erir.<br \/>\nWeb sitesi,\u00a0https:\/\/nerecyilmaz.com\/ adresinden eri\u015filebilen Ceren Y\u0131lmaz&#8217;a at\u0131fta bulunur.<br \/>\nSiz,\u00a0Servisi kullanan bireyi, veya Servisi kullanmak \u00fczere eri\u015fim sa\u011flayan veya kullan\u0131m\u0131n\u0131 sa\u011flayan \u015firketi veya di\u011fer yasal varl\u0131\u011f\u0131 ifade eder, uygun oldu\u011fu durumlarda.<br \/>\nKi\u015fisel Verilerinizin Toplanmas\u0131 ve Kullan\u0131lmas\u0131<br \/>\nToplanan Veri T\u00fcrleri<br \/>\nKi\u015fisel Veriler<\/p>\n<p>Servisimizi kullan\u0131rken, size ula\u015fmak veya sizi tan\u0131mlamak i\u00e7in kullan\u0131labilecek belirli ki\u015fisel bilgileri bize sa\u011flaman\u0131z\u0131 isteyebiliriz. Ki\u015fisel olarak tan\u0131mlanabilir bilgiler, ancak bununla s\u0131n\u0131rl\u0131 olmamak kayd\u0131yla \u015funlar\u0131 i\u00e7erebilir:<\/p>\n<p>E-posta adresi<br \/>\nAd ve soyad<br \/>\nTelefon numaras\u0131<br \/>\nKullan\u0131m Verisi<br \/>\nKullan\u0131m Verileri<\/p>\n<p>Kullan\u0131m Verileri, Servisi kullan\u0131rken otomatik olarak toplan\u0131r.<\/p>\n<p>Kullan\u0131m Verileri, Cihaz\u0131n\u0131z\u0131n \u0130nternet Protokol adresi (\u00f6rne\u011fin, IP adresi), taray\u0131c\u0131 t\u00fcr\u00fc, taray\u0131c\u0131 s\u00fcr\u00fcm\u00fc, ziyaret etti\u011finiz Servis sayfalar\u0131, ziyaretinizin tarihi ve saati, bu sayfalarda ge\u00e7irilen s\u00fcre, benzersiz cihaz tan\u0131mlay\u0131c\u0131lar\u0131 ve di\u011fer te\u015fhis verileri gibi bilgileri i\u00e7erebilir.<\/p>\n<p>Servise bir mobil cihaz arac\u0131l\u0131\u011f\u0131yla veya \u00fczerinden eri\u015fti\u011finizde, otomatik olarak belirli bilgileri toplayabiliriz, ancak bunlarla s\u0131n\u0131rl\u0131 olmamak kayd\u0131yla, kulland\u0131\u011f\u0131n\u0131z mobil cihaz t\u00fcr\u00fc, mobil cihaz\u0131n\u0131z\u0131n benzersiz kimli\u011fi, mobil cihaz\u0131n\u0131z\u0131n IP adresi, mobil cihaz\u0131n\u0131z\u0131n i\u015fletim sistemi, kulland\u0131\u011f\u0131n\u0131z mobil internet taray\u0131c\u0131s\u0131 t\u00fcr\u00fc, benzersiz cihaz tan\u0131mlay\u0131c\u0131lar\u0131 ve di\u011fer te\u015fhis verileri.<\/p>\n<p>Ayr\u0131ca, Servisimize eri\u015fti\u011finizde veya bir mobil cihaz arac\u0131l\u0131\u011f\u0131yla eri\u015fti\u011finizde taray\u0131c\u0131n\u0131z\u0131n g\u00f6nderdi\u011fi bilgileri de toplayabiliriz.<\/p>\n<h3>\u00dc\u00e7\u00fcnc\u00fc Taraf Sosyal Medya Hizmetlerinden Bilgi<\/h3>\n<p>\u015eirket, Servisi kullanmak i\u00e7in a\u015fa\u011f\u0131daki \u00dc\u00e7\u00fcnc\u00fc Taraf Sosyal Medya Hizmetleri arac\u0131l\u0131\u011f\u0131yla hesap olu\u015fturman\u0131za ve giri\u015f yapman\u0131za izin verir:<\/p>\n<p>Google<br \/>\nFacebook<br \/>\nInstagram<br \/>\nTwitter<br \/>\nLinkedIn<\/p>\n<p>\u00dc\u00e7\u00fcnc\u00fc Taraf Sosyal Medya Hizmetine kay\u0131t olmaya veya bize ba\u015fka bir \u015fekilde eri\u015fim izni verme karar\u0131 al\u0131rsan\u0131z, bu \u00dc\u00e7\u00fcnc\u00fc Taraf Sosyal Medya Hizmeti hesab\u0131n\u0131zla zaten ili\u015fkilendirilmi\u015f olan Ki\u015fisel verileri toplayabiliriz. Bu bilgiler, ad\u0131n\u0131z, e-posta adresiniz, etkinlikleriniz veya o hesapla ili\u015fkilendirilmi\u015f ileti\u015fim listeniz gibi Ki\u015fisel Verileri i\u00e7erebilir.<\/p>\n<p>\u015eirketle \u0130lgili Ek Bilgileri \u00dc\u00e7\u00fcnc\u00fc Taraf Sosyal Medya Hesab\u0131n\u0131z Arac\u0131l\u0131\u011f\u0131yla Payla\u015fma Se\u00e7ene\u011finiz Olabilir. Bu t\u00fcr bilgileri ve Ki\u015fisel Verileri sa\u011flamay\u0131 se\u00e7erseniz, kay\u0131t s\u0131ras\u0131nda veya ba\u015fka bir \u015fekilde, \u015eirket&#8217;e bu bilgileri bu Gizlilik Politikas\u0131 ile uyumlu bir \u015fekilde kullanma, payla\u015fma ve depolama izni vermi\u015f olursunuz.<\/p>\n<h3>\u0130zleme Teknolojileri ve \u00c7erezler<\/h3>\n<p>Hizmet&#8217;imizdeki etkinli\u011fi takip etmek ve belirli bilgileri depolamak i\u00e7in \u00c7erezler ve benzeri izleme teknolojilerini kullan\u0131yoruz. Kullan\u0131lan izleme teknolojileri aras\u0131nda i\u015faret\u00e7iler, etiketler ve betikler bulunur ve bilgi toplamak, takip etmek ve Hizmet&#8217;imizi geli\u015ftirmek ve analiz etmek amac\u0131yla kullan\u0131l\u0131r. Kulland\u0131\u011f\u0131m\u0131z teknolojiler aras\u0131nda \u015funlar bulunabilir:<\/p>\n<p>\u00c7erezler veya Taray\u0131c\u0131 \u00c7erezleri.\u00a0\u00c7erez, Cihaz\u0131n\u0131za yerle\u015ftirilen k\u00fc\u00e7\u00fck bir dosyad\u0131r. Taray\u0131c\u0131n\u0131za t\u00fcm \u00c7erezleri reddetmesi veya \u00c7erez g\u00f6nderildi\u011finde bildirmesi talimat\u0131n\u0131 verebilirsiniz. Ancak, \u00c7erezleri kabul etmezseniz, Hizmet&#8217;imizin baz\u0131 b\u00f6l\u00fcmlerini kullanamayabilirsiniz. Taray\u0131c\u0131n\u0131z\u0131n \u00c7erezleri reddetme ayar\u0131n\u0131 de\u011fi\u015ftirmediyseniz, Hizmet&#8217;imiz \u00c7erezleri kullanabilir.<br \/>\nWeb \u0130\u015faret\u00e7ileri.\u00a0Hizmet&#8217;imizin belirli b\u00f6l\u00fcmleri ve e-postalar\u0131m\u0131z, \u015firketin, \u00f6rne\u011fin, bu sayfalar\u0131 ziyaret eden veya bir e-postay\u0131 a\u00e7an kullan\u0131c\u0131lar\u0131 saymak ve di\u011fer ilgili web sitesi istatistikleri (\u00f6rne\u011fin, belirli bir b\u00f6l\u00fcm\u00fcn pop\u00fclerli\u011fini kaydetme ve sistem ve sunucu b\u00fct\u00fcnl\u00fc\u011f\u00fcn\u00fc do\u011frulama) i\u00e7in kullan\u0131lan web i\u015faret\u00e7ilerini i\u00e7erebilir.<br \/>\n\u00c7erezler &#8220;Kal\u0131c\u0131&#8221; veya &#8220;Oturum&#8221; \u00c7erezleri olabilir. Kal\u0131c\u0131 \u00c7erezler, \u00e7evrimd\u0131\u015f\u0131 oldu\u011funuzda ki\u015fisel bilgisayar\u0131n\u0131zda veya mobil cihaz\u0131n\u0131zda kal\u0131rken, Oturum \u00c7erezleri, web taray\u0131c\u0131n\u0131z\u0131 kapatt\u0131\u011f\u0131n\u0131zda silinir.<\/p>\n<p>A\u015fa\u011f\u0131da belirtilen ama\u00e7lar i\u00e7in hem Oturum hem de Kal\u0131c\u0131 \u00c7erezler kullan\u0131yoruz:<\/p>\n<h3>Gerekli \/ Temel \u00c7erezler<\/h3>\n<p>T\u00fcr: Oturum \u00c7erezleri<\/p>\n<p>Y\u00f6neten: Biz<\/p>\n<p>Ama\u00e7: Bu \u00c7erezler, size Web sitesi arac\u0131l\u0131\u011f\u0131yla sunulan hizmetlere eri\u015fim sa\u011flamak ve belirli \u00f6zelliklerini kullanman\u0131za izin vermek i\u00e7in gereklidir. Kullan\u0131c\u0131lar\u0131 kimlik do\u011frulamak ve kullan\u0131c\u0131 hesaplar\u0131n\u0131n hatal\u0131 kullan\u0131m\u0131n\u0131 \u00f6nlemeye yard\u0131mc\u0131 olurlar. Bu \u00c7erezler olmadan talep etti\u011finiz hizmetler sa\u011flanamaz ve sadece bu hizmetleri size sunmak i\u00e7in bu \u00c7erezleri kullan\u0131r\u0131z.<\/p>\n<h3>\u00c7erez Politikas\u0131 \/ Bildirim Kabul \u00c7erezleri<\/h3>\n<p>T\u00fcr: Kal\u0131c\u0131 \u00c7erezler<\/p>\n<p>Y\u00f6neten: Biz<\/p>\n<p>Ama\u00e7: Bu \u00c7erezler, kullan\u0131c\u0131lar\u0131n Web sitesinde \u00e7erez kullan\u0131m\u0131n\u0131 kabul edip etmedi\u011fini belirler.<\/p>\n<h3>\u0130\u015flevsellik \u00c7erezleri<\/h3>\n<p>T\u00fcr: Kal\u0131c\u0131 \u00c7erezler<\/p>\n<p>Y\u00f6neten: Biz<\/p>\n<p>Ama\u00e7: Bu \u00c7erezler, Web sitesini kullan\u0131rken yapt\u0131\u011f\u0131n\u0131z tercihleri hat\u0131rlamam\u0131za olanak tan\u0131r, \u00f6rne\u011fin giri\u015f bilgilerinizi veya dil tercihinizi hat\u0131rlamak. Bu \u00c7erezlerin amac\u0131, size daha ki\u015fisel bir deneyim sunmak ve Web sitesini her kulland\u0131\u011f\u0131n\u0131zda tercihlerinizi tekrar girmeniz gerekmemesini sa\u011flamakt\u0131r.<\/p>\n<p>\u00c7erezler ve tercihlerinizle ilgili daha fazla bilgi i\u00e7in l\u00fctfen \u00c7erez Politikam\u0131z\u0131 veya Gizlilik Politikam\u0131z\u0131n \u00c7erezler b\u00f6l\u00fcm\u00fcn\u00fc ziyaret edin.<\/p>\n<h2>Ki\u015fisel Verilerinizin Kullan\u0131m\u0131<\/h2>\n<p>\u015eirket, Ki\u015fisel Verileri a\u015fa\u011f\u0131daki ama\u00e7larla kullanabilir:<\/p>\n<p>Hizmet&#8217;imizi sa\u011flamak ve s\u00fcrd\u00fcrmek, Hizmet&#8217;imizin kullan\u0131m\u0131n\u0131 izlemek.<br \/>\nHesab\u0131n\u0131z\u0131 y\u00f6netmek:\u00a0Hizmet&#8217;in bir kullan\u0131c\u0131s\u0131 olarak kayd\u0131n\u0131z\u0131 y\u00f6netmek. Sa\u011flad\u0131\u011f\u0131n\u0131z Ki\u015fisel Veriler, size kay\u0131tl\u0131 bir kullan\u0131c\u0131 olarak Hizmet&#8217;in farkl\u0131 i\u015flevlerine eri\u015fim sa\u011flayabilir.<br \/>\nBir s\u00f6zle\u015fmenin ifas\u0131 i\u00e7in:\u00a0Hizmet \u00fczerinden sat\u0131n ald\u0131\u011f\u0131n\u0131z \u00fcr\u00fcnlerin, \u00f6\u011felerin veya hizmetlerin sat\u0131n al\u0131nmas\u0131, uygulanmas\u0131 ve ger\u00e7ekle\u015ftirilmesi.<br \/>\nSizi ileti\u015fim kurmak:\u00a0Sizi e-posta, telefon aramalar\u0131, SMS veya di\u011fer elektronik ileti\u015fim bi\u00e7imleri ile g\u00fcncellemeler veya bilgilendirici ileti\u015fimler konusunda bilgilendirmek. Bu, i\u015flevlerle, \u00fcr\u00fcnlerle veya s\u00f6zle\u015fmeli hizmetlerle ilgili g\u00fcncellemeleri i\u00e7erebilir, g\u00fcvenlik g\u00fcncellemeleri gibi uygulama, \u00fcr\u00fcn veya s\u00f6zle\u015fmeli hizmetlerle ilgili bilgilendirme ileti\u015fimleri, gerekti\u011finde veya makul oldu\u011funda.<br \/>\nSize\u00a0haberler, \u00f6zel teklifler ve daha \u00f6nce sat\u0131n ald\u0131\u011f\u0131n\u0131z veya soru\u015fturdu\u011funuz \u00fcr\u00fcn ve etkinliklerle ilgili genel bilgiler sa\u011flamak, elbette bu t\u00fcr bilgileri almamay\u0131 tercih etmediyseniz.<br \/>\nTaleplerinizi y\u00f6netmek: Bize y\u00f6neltilen talepleri ele almak ve y\u00f6netmek.<br \/>\n\u0130\u015f devirleri i\u00e7in:\u00a0\u015eirket varl\u0131klar\u0131m\u0131z\u0131n bir k\u0131sm\u0131n\u0131n veya tamam\u0131n\u0131n ba\u015fka bir \u015firkete devri, birle\u015fme, devralma veya ba\u015fka bir i\u015flem de\u011ferlendirmek veya ger\u00e7ekle\u015ftirmek i\u00e7in bilgilerinizi kullanabiliriz.<br \/>\nDi\u011fer ama\u00e7lar:\u00a0Bilgilerinizi di\u011fer ama\u00e7larla kullanabiliriz, \u00f6rne\u011fin veri analizi, kullan\u0131m e\u011filimlerini belirleme, promosyon kampanyalar\u0131m\u0131z\u0131n etkinli\u011fini de\u011ferlendirme ve Hizmet&#8217;imizi, \u00fcr\u00fcnlerimizi, hizmetlerimizi, pazarlamam\u0131z\u0131 ve deneyiminizi de\u011ferlendirme ve geli\u015ftirme.<br \/>\nKi\u015fisel bilgilerinizi a\u015fa\u011f\u0131daki durumlarda payla\u015fabiliriz:<\/p>\n<p>Hizmet Sa\u011flay\u0131c\u0131larla:\u00a0Hizmet&#8217;imizin kullan\u0131m\u0131n\u0131 izlemek ve analiz etmek, Sizi ileti\u015fim kurmak gibi ama\u00e7larla Ki\u015fisel bilgilerinizi Hizmet Sa\u011flay\u0131c\u0131larla payla\u015fabiliriz.<br \/>\n\u0130\u015f Devirleri i\u00e7in:\u00a0\u015eirket varl\u0131klar\u0131m\u0131z\u0131n bir k\u0131sm\u0131n\u0131n veya tamam\u0131n\u0131n ba\u015fka bir \u015firkete devri, \u015firket varl\u0131klar\u0131m\u0131z\u0131n bir k\u0131sm\u0131n\u0131n veya tamam\u0131n\u0131n birle\u015ftirilmesi, finansman, i\u015fletmenin tamam\u0131n\u0131n veya bir b\u00f6l\u00fcm\u00fcn\u00fcn ba\u015fka bir \u015firkete devri s\u0131ras\u0131nda veya m\u00fczakereler s\u0131ras\u0131nda Ki\u015fisel bilgilerinizi payla\u015fabilir veya devredebiliriz.<br \/>\n\u0130\u015ftiraklerle:\u00a0Bilgilerinizi i\u015ftiraklerimizle payla\u015fabiliriz; bu durumda i\u015ftiraklerimizi bu Gizlilik Politikas\u0131&#8217;na uymaya zorlayaca\u011f\u0131z. \u0130\u015ftiraklerimiz, ana \u015firketimiz ve di\u011fer ba\u011fl\u0131 kurulu\u015flar\u0131m\u0131z\u0131 i\u00e7erebilir.<br \/>\n\u0130\u015f Orta\u011f\u0131yla:\u00a0Bilgilerinizi i\u015f ortaklar\u0131m\u0131zla payla\u015fabiliriz, size belirli \u00fcr\u00fcnler, hizmetler veya promosyonlar sunmak i\u00e7in.<br \/>\nDi\u011fer Kullan\u0131c\u0131larla:\u00a0Di\u011fer kullan\u0131c\u0131larla ki\u015fisel bilgilerinizi payla\u015f\u0131rsan\u0131z veya di\u011fer kullan\u0131c\u0131larla kamusal alanlarda etkile\u015fimde bulunursan\u0131z, bu bilgiler t\u00fcm kullan\u0131c\u0131lar taraf\u0131ndan g\u00f6r\u00fclebilir ve d\u0131\u015fa a\u00e7\u0131labilir. Di\u011fer kullan\u0131c\u0131larla etkile\u015fimde bulunursan\u0131z veya \u00dc\u00e7\u00fcnc\u00fc Taraf Sosyal Medya Hizmeti arac\u0131l\u0131\u011f\u0131yla kay\u0131t yaparsan\u0131z, \u00dc\u00e7\u00fcnc\u00fc Taraf Sosyal Medya Hizmeti&#8217;ndeki ki\u015fileriniz ad\u0131n\u0131z\u0131, profilinizi, resimlerinizi ve etkinlik tan\u0131mlamalar\u0131n\u0131z\u0131 g\u00f6rebilir. Benzer \u015fekilde, di\u011fer kullan\u0131c\u0131lar etkinlik tan\u0131mlamalar\u0131n\u0131z\u0131 g\u00f6rebilir, sizinle ileti\u015fim kurabilir ve profilinizi g\u00f6rebilir.<br \/>\nOnay\u0131n\u0131zla:\u00a0Ki\u015fisel bilgilerinizi ba\u015fka bir amac\u0131n yerine getirilmesi i\u00e7in onay\u0131n\u0131zla a\u00e7\u0131klayabiliriz.<\/p>\n<h2>Ki\u015fisel Verilerinizin Saklanmas\u0131<\/h2>\n<p>\u015eirket, Ki\u015fisel Verilerinizi yaln\u0131zca bu Gizlilik Politikas\u0131&#8217;nda belirtilen ama\u00e7lar i\u00e7in gerekli olan s\u00fcre boyunca saklayacakt\u0131r. Ki\u015fisel Verilerinizi, yasal y\u00fck\u00fcml\u00fcl\u00fcklerimize uymak (\u00f6rne\u011fin, ge\u00e7erli yasalara uygun olarak verilerinizi saklamam\u0131z gerekiyorsa), anla\u015fmazl\u0131klar\u0131 \u00e7\u00f6zmek ve yasal anla\u015fma ve politikalar\u0131m\u0131z\u0131 uygulamak i\u00e7in gerekti\u011fi kadar saklayacak ve kullanacakt\u0131r.<\/p>\n<p>\u015eirket, genellikle Kullan\u0131m Verilerini i\u00e7sel analiz ama\u00e7lar\u0131 i\u00e7in saklar. Kullan\u0131m Verileri genellikle daha k\u0131sa bir s\u00fcre i\u00e7in saklan\u0131r, ancak bu verilerin g\u00fcvenli\u011fi g\u00fc\u00e7lendirmek veya Hizmet&#8217;imizin i\u015flevselli\u011fini art\u0131rmak veya bu verileri daha uzun s\u00fcreler boyunca saklamam\u0131za yasal olarak zorlan\u0131rsak bu s\u00fcre daha uzun olabilir.<\/p>\n<h3>Ki\u015fisel Verilerinizin Transferi<\/h3>\n<p>Bilgileriniz, Ki\u015fisel Veriler de dahil olmak \u00fczere, \u015eirket&#8217;in i\u015fletme ofislerinde ve i\u015fleme dahil olan taraflar\u0131n bulundu\u011fu di\u011fer herhangi bir yerde i\u015flenir. Bu, bilgilerinizin, veri koruma yasalar\u0131n\u0131n sizin yarg\u0131 alan\u0131n\u0131zdan farkl\u0131 olabilece\u011fi devletiniz, eyaletiniz, \u00fclkeniz veya di\u011fer h\u00fck\u00fcmet yarg\u0131 alanlar\u0131n\u0131n d\u0131\u015f\u0131nda bulunan bilgisayarlara transfer edilebilece\u011fi ve korunabilece\u011fi anlam\u0131na gelir.<\/p>\n<p>Bu Gizlilik Politikas\u0131&#8217;na verdi\u011finiz onay ve bu bilgileri g\u00f6ndermeniz, bu transferi kabul etti\u011finiz anlam\u0131na gelir.<\/p>\n<p>\u015eirket, verilerinizin bu Gizlilik Politikas\u0131&#8217;na uygun ve verilerinizin ve di\u011fer ki\u015fisel bilgilerinizin g\u00fcvenli\u011fi de dahil olmak \u00fczere yeterli kontrollerin oldu\u011fu bir kurulu\u015fa veya \u00fclkeye transfer edilmedi\u011finden emin olmak i\u00e7in makul ad\u0131mlar\u0131 atacakt\u0131r.<\/p>\n<p>Ki\u015fisel Verilerinizin Silinmesi<\/p>\n<p>Sizinle ilgili olarak toplad\u0131\u011f\u0131m\u0131z Ki\u015fisel Verileri silme hakk\u0131n\u0131z vard\u0131r veya bu konuda yard\u0131m talep edebilirsiniz.<\/p>\n<p>Servisimiz, size Servis i\u00e7inden belirli bilgileri silme yetene\u011fi sunabilir.<\/p>\n<p>Hesab\u0131n\u0131za giri\u015f yaparak, varsa, hesap ayarlar\u0131 b\u00f6l\u00fcm\u00fcn\u00fc ziyaret ederek veya bize ba\u015fvurarak herhangi bir zamanda bilgilerinizi g\u00fcncelleyebilir, d\u00fczeltebilir veya silebilirsiniz.<\/p>\n<p>Ancak, yasal bir y\u00fck\u00fcml\u00fcl\u00fc\u011f\u00fcm\u00fcz veya me\u015fru bir temelimiz oldu\u011funda belirli bilgileri saklamam\u0131z gerekebilece\u011fini unutmay\u0131n.<\/p>\n<p>Ki\u015fisel Verilerinizin A\u00e7\u0131klanmas\u0131<br \/>\n\u0130\u015flemler<\/p>\n<p>E\u011fer \u015eirket birle\u015fme, sat\u0131n alma veya varl\u0131k sat\u0131\u015f\u0131nda yer al\u0131yorsa, Ki\u015fisel Verileriniz transfer edilebilir. Ki\u015fisel Verilerinizin transfer edilmeden \u00f6nce ve farkl\u0131 bir Gizlilik Politikas\u0131na tabi olmadan \u00f6nce size bildirimde bulunaca\u011f\u0131z.<\/p>\n<p>Hukuk \u0130craat\u0131<\/p>\n<p>Belirli durumlarda, \u015eirket yasal bir y\u00fck\u00fcml\u00fcl\u00fck gere\u011fi veya kamu otoritelerinin (\u00f6rne\u011fin bir mahkeme veya bir h\u00fck\u00fcmet ajans\u0131) ge\u00e7erli taleplerine yan\u0131t olarak Ki\u015fisel Verilerinizi a\u00e7\u0131klamak zorunda kalabilir.<\/p>\n<p>Di\u011fer Hukuki Gereklilikler<\/p>\n<p>\u015eirket, \u015fu nedenlerle Ki\u015fisel Verilerinizi a\u00e7\u0131klayabilir:<\/p>\n<p>Hukuki bir y\u00fck\u00fcml\u00fcl\u00fc\u011fe uymak<br \/>\n\u015eirketin haklar\u0131n\u0131 veya m\u00fclk\u00fcn\u00fc korumak ve savunmak<br \/>\nHizmetle ilgili olas\u0131 hatalar\u0131 \u00f6nlemek veya soru\u015fturmak<br \/>\nHizmetin Kullan\u0131c\u0131lar\u0131n\u0131n veya genel g\u00fcvenli\u011fini korumak<br \/>\nHukuki sorumluluktan korunmak<br \/>\nKi\u015fisel Verilerinizin G\u00fcvenli\u011fi<\/p>\n<p>Ki\u015fisel Verilerinizin g\u00fcvenli\u011fi bizim i\u00e7in \u00f6nemlidir, ancak unutmay\u0131n ki internet \u00fczerinden ileti\u015fimin veya elektronik depolaman\u0131n %100 g\u00fcvenli bir y\u00f6ntemi yoktur. Ki\u015fisel Verilerinizi korumak i\u00e7in ticari olarak kabul edilebilir y\u00f6ntemleri kullanmaya \u00e7al\u0131\u015fsak da, mutlak g\u00fcvenli\u011fini garanti edemeyiz.<\/p>\n<p>\u00c7ocuklar\u0131n Gizlili\u011fi<\/p>\n<p>Servisimiz 13 ya\u015f\u0131n alt\u0131ndaki herhangi bir ki\u015fiye hitap etmemektedir. Bilerek 13 ya\u015f\u0131n alt\u0131ndaki kimseden ki\u015fisel tan\u0131mlanabilir bilgi toplam\u0131yoruz. E\u011fer ebeveyn veya vasipseniz ve \u00e7ocu\u011funuzun bize Ki\u015fisel Veri sa\u011flad\u0131\u011f\u0131n\u0131 fark ediyorsan\u0131z, l\u00fctfen bize ula\u015f\u0131n. E\u011fer 13 ya\u015f\u0131n alt\u0131ndaki bir ki\u015finin r\u0131za gerektiren bir \u00fclkesinde ki\u015fisel bilgilerini toplamam\u0131z gerekiyorsa, o zaman bu bilgiyi toplamadan \u00f6nce ebeveyninizin r\u0131zas\u0131n\u0131 alabiliriz.<\/p>\n<p>Di\u011fer Web Sitelerine Ba\u011flant\u0131lar<\/p>\n<p>Servisimiz, taraf\u0131m\u0131zca i\u015fletilmeyen di\u011fer web sitelerine ba\u011flant\u0131lar i\u00e7erebilir. \u00dc\u00e7\u00fcnc\u00fc taraf bir ba\u011flant\u0131ya t\u0131klaman\u0131z durumunda, sizi o \u00fc\u00e7\u00fcnc\u00fc taraf\u0131n sitesine y\u00f6nlendirecektir. Her ziyaret etti\u011finiz site i\u00e7in Gizlilik Politikas\u0131n\u0131 incelemenizi \u015fiddetle \u00f6neririz.<\/p>\n<p>\u00dc\u00e7\u00fcnc\u00fc taraf sitelerin i\u00e7eri\u011fi, gizlilik politikalar\u0131 veya<\/p>\n<p>uygulamalar\u0131 \u00fczerinde herhangi bir kontrol\u00fcm\u00fcz olmad\u0131\u011f\u0131n\u0131 l\u00fctfen unutmay\u0131n.<\/p>\n<p>Bu Gizlilik Politikas\u0131ndaki De\u011fi\u015fiklikler<\/p>\n<p>Gizlilik Politikam\u0131z\u0131 zaman zaman g\u00fcncelleyebiliriz. Herhangi bir de\u011fi\u015fiklik olursa, yeni Gizlilik Politikas\u0131n\u0131 bu sayfada yay\u0131nlayarak sizi bilgilendirece\u011fiz.<\/p>\n<p>De\u011fi\u015fikliklerin y\u00fcr\u00fcrl\u00fc\u011fe girmesinden \u00f6nce size e-posta veya Servisimizde \u00f6nemli bir bildirim g\u00f6nderece\u011fiz ve bu Gizlilik Politikas\u0131n\u0131n en \u00fcst\u00fcnde &#8220;Son G\u00fcncelleme&#8221; tarihini g\u00fcncelleyece\u011fiz.<\/p>\n<p>De\u011fi\u015fiklikler, bu sayfada yay\u0131nland\u0131klar\u0131 tarih itibariyle y\u00fcr\u00fcrl\u00fc\u011fe girecektir.<\/p>\n<p>Bize Ula\u015f\u0131n<\/p>\n<p>Bu Gizlilik Politikas\u0131 ile ilgili herhangi bir sorunuz varsa, bize \u015fu \u015fekillerde ula\u015fabilirsiniz:<\/p>\n<p>E-posta: ads.nerec@gmail.com<br \/>\nWeb sitemizi ziyaret ederek: https:\/\/nerecyilmaz.com\/tr\/iletisim\/<\/p>\n","protected":false},"excerpt":{"rendered":"<p>Gizlilik Politikas\u0131 Bu Gizlilik Politikas\u0131, Servisi kullan\u0131rken Bilgilerinizin toplanmas\u0131, kullan\u0131m\u0131 ve a\u00e7\u0131klanmas\u0131 konusundaki politikalar\u0131m\u0131z\u0131 ve prosed\u00fcrlerimizi a\u00e7\u0131klar ve mahremiyet haklar\u0131n\u0131z\u0131 ve yasalar\u0131n sizi nas\u0131l korudu\u011funu size bildirir. Ki\u015fisel verilerinizi Servisi sa\u011flamak ve iyile\u015ftirmek i\u00e7in kullan\u0131r\u0131z. Servisi kullanarak, bu Gizlilik Politikas\u0131&#8217;na uygun olarak bilgi toplanmas\u0131n\u0131 ve kullan\u0131lmas\u0131n\u0131 kabul etmi\u015f olursunuz. Yorumlama ve Tan\u0131mlar Yorumlama \u0130lk harfi&#8230;<\/p>\n","protected":false},"author":1,"featured_media":0,"parent":0,"menu_order":0,"comment_status":"closed","ping_status":"open","template":"","meta":{"footnotes":""},"class_list":["post-734","page","type-page","status-publish","hentry"],"_links":{"self":[{"href":"https:\/\/www.nerecyilmaz.com\/tr\/wp-json\/wp\/v2\/pages\/734","targetHints":{"allow":["GET"]}}],"collection":[{"href":"https:\/\/www.nerecyilmaz.com\/tr\/wp-json\/wp\/v2\/pages"}],"about":[{"href":"https:\/\/www.nerecyilmaz.com\/tr\/wp-json\/wp\/v2\/types\/page"}],"author":[{"embeddable":true,"href":"https:\/\/www.nerecyilmaz.com\/tr\/wp-json\/wp\/v2\/users\/1"}],"replies":[{"embeddable":true,"href":"https:\/\/www.nerecyilmaz.com\/tr\/wp-json\/wp\/v2\/comments?post=734"}],"version-history":[{"count":0,"href":"https:\/\/www.nerecyilmaz.com\/tr\/wp-json\/wp\/v2\/pages\/734\/revisions"}],"wp:attachment":[{"href":"https:\/\/www.nerecyilmaz.com\/tr\/wp-json\/wp\/v2\/media?parent=734"}],"curies":[{"name":"wp","href":"https:\/\/api.w.org\/{rel}","templated":true}]}}