{"id":792,"date":"2024-01-02T12:10:40","date_gmt":"2024-01-02T12:10:40","guid":{"rendered":"https:\/\/nerecyilmaz.com\/?page_id=792"},"modified":"2025-12-15T16:53:08","modified_gmt":"2025-12-15T16:53:08","slug":"seo-danismanligi","status":"publish","type":"page","link":"https:\/\/www.nerecyilmaz.com\/tr\/seo-danismanligi\/","title":{"rendered":"SEO Dan\u0131\u015fmanl\u0131\u011f\u0131"},"content":{"rendered":"<section class=\"l-section wpb_row height_small width_custom\" style=\"--site-content-width:980px;\"><div class=\"l-section-h i-cf\"><div class=\"g-cols vc_row via_grid cols_1 laptops-cols_inherit tablets-cols_inherit mobiles-cols_1 valign_top type_default stacking_default\"><div class=\"wpb_column vc_column_container\"><div class=\"vc_column-inner\"><div class=\"wpb_text_column\"><div class=\"wpb_wrapper\"><h1 style=\"text-align: center;\"><strong>SEO Dan\u0131\u015fmanl\u0131\u011f\u0131<\/strong><\/h1>\n<p><span>Organik g\u00f6r\u00fcn\u00fcrl\u00fc\u011f\u00fcn\u00fcz\u00fc <\/span><span><strong>ger\u00e7ek sat\u0131\u015fa ve lead\u2019e d\u00f6n\u00fc\u015ft\u00fcren<\/strong><\/span><span> veri odakl\u0131 SEO dan\u0131\u015fmanl\u0131\u011f\u0131. 8 y\u0131la yakla\u015fan dijital pazarlama deneyimi ve <\/span><span><strong>5+ y\u0131l SEO uzmanl\u0131\u011f\u0131<\/strong><\/span><span> ile tekni\u011fi, i\u00e7eri\u011fi ve otoriteyi ayn\u0131 hatta bulu\u015fturuyorum.<\/span><\/p>\n<h2><strong>SEO Dan\u0131\u015fmanl\u0131\u011f\u0131 Nedir?<\/strong><\/h2>\n<p><span>SEO dan\u0131\u015fmanl\u0131\u011f\u0131; Google, Yandex gibi arama motorlar\u0131nda <\/span><span><strong>\u00fcst s\u0131ralarda kal\u0131c\u0131 g\u00f6r\u00fcn\u00fcrl\u00fck<\/strong><\/span><span> sa\u011flamak i\u00e7in y\u00fcr\u00fct\u00fclen teknik, i\u00e7erik ve otorite \u00e7al\u0131\u015fmalar\u0131n\u0131n tamam\u0131d\u0131r. Do\u011fru strateji ve d\u00fczenli uygulama ile <\/span><span><strong>organik trafik, nitelikli oturum ve d\u00f6n\u00fc\u015f\u00fcm<\/strong><\/span><span> art\u0131\u015f\u0131 hedeflenir.<\/span><\/p>\n<\/div><\/div><\/div><\/div><\/div><\/div><\/section><section class=\"l-section wpb_row height_small width_custom\" style=\"--site-content-width:980px;\"><div class=\"l-section-h i-cf\"><div class=\"g-cols vc_row via_grid cols_2 laptops-cols_inherit tablets-cols_inherit mobiles-cols_1 valign_top type_default stacking_default\"><div class=\"wpb_column vc_column_container\"><div class=\"vc_column-inner\"><div class=\"w-image style_shadow-1 has_ratio align_none\"><div class=\"w-image-h\"><div style=\"padding-bottom:133.3333%\"><\/div><img decoding=\"async\" width=\"1080\" height=\"1350\" src=\"https:\/\/www.nerecyilmaz.com\/wp-content\/uploads\/2025\/09\/marka-gorseli-6.webp\" class=\"attachment-large size-large\" alt=\"\" loading=\"lazy\" \/><\/div><\/div><\/div><\/div><div class=\"wpb_column vc_column_container\"><div class=\"vc_column-inner\"><div class=\"wpb_text_column\"><div class=\"wpb_wrapper\"><h3><strong>Neler Yap\u0131yoruz?<\/strong><\/h3>\n<ul data-spread=\"false\">\n<li><strong>Sekt\u00f6rler aras\u0131 deneyim:<\/strong><span> E-ticaret, turizm, finans, kurumsal ve yerel i\u015fletmelere kadar bir\u00e7ok narkaya hizmet.<\/span><\/li>\n<li><strong>Veri odakl\u0131 yakla\u015f\u0131m:<\/strong><span> Google Search Console ve Google Analytics ger\u00e7ek verilere y\u00f6nelik geli\u015ftirmeler.<\/span><\/li>\n<li><span><strong>\u00d6nceliklendirilmi\u015f roadmap:<\/strong><\/span><span> \u0130lk 30 g\u00fcnde h\u0131zl\u0131 kazan\u0131mlar, 90 g\u00fcnde s\u00fcrd\u00fcr\u00fclebilir b\u00fcy\u00fcme.<\/span><\/li>\n<li><strong>UX Odakl\u0131l\u0131k<\/strong>: Kategori ve \u00fcr\u00fcn sayfas\u0131 gibi sayfalar\u0131 kullan\u0131c\u0131 deneyimine uygun geli\u015ftirme.<\/li>\n<li><strong>\u0130yile\u015ftirilmi\u015f site h\u0131z\u0131<\/strong>: Mobil cihazlarda h\u0131zl\u0131 a\u00e7\u0131lan sayfalar.<\/li>\n<li><span><strong>\u015eeffaf raporlama:<\/strong><\/span><span> Ayl\u0131k performans raporu + aksiyon plan\u0131 ve toplant\u0131.<\/span><\/li>\n<li><span><strong>Uygulamaya e\u015flik:<\/strong><\/span><span> Geli\u015ftirici\/ekiplerle birebir koordinasyon.<\/span><\/li>\n<\/ul>\n<\/div><\/div><\/div><\/div><\/div><\/div><\/section><section class=\"l-section wpb_row height_medium width_custom\" style=\"--site-content-width:980px;\"><div class=\"l-section-h i-cf\"><div class=\"g-cols vc_row via_grid cols_1 laptops-cols_inherit tablets-cols_inherit mobiles-cols_1 valign_top type_default stacking_default\"><div class=\"wpb_column vc_column_container\"><div class=\"vc_column-inner\"><div class=\"g-cols wpb_row via_grid cols_1 laptops-cols_inherit tablets-cols_inherit mobiles-cols_1 valign_top type_default stacking_default\" style=\"--gap:3rem;\"><div class=\"wpb_column vc_column_container\"><div class=\"vc_column-inner\"><div class=\"wpb_text_column\"><div class=\"wpb_wrapper\"><h2><strong>Referanslar\u0131m\u0131z\u00a0<\/strong><\/h2>\n<p><span>Farkl\u0131 d\u00f6nemlerde SEO dan\u0131\u015fmanl\u0131k hizmeti verdi\u011fimiz baz\u0131 markalar:<\/span><\/p>\n<\/div><\/div><\/div><\/div><div class=\"wpb_column vc_column_container\"><div class=\"vc_column-inner\"><div class=\"w-slider style_none fit_scaledown nav_dots count_13\"><div class=\"w-slider-h\"><div class=\"royalSlider\"><div class=\"rsContent\"><a class=\"rsImg\" data-rsw=\"300\" data-rsh=\"93\" href=\"https:\/\/www.nerecyilmaz.com\/wp-content\/uploads\/2025\/08\/cointr.webp\"><span data-alt=\"cointr\"><\/span><\/a><\/div><div class=\"rsContent\"><a class=\"rsImg\" data-rsw=\"417\" data-rsh=\"121\" href=\"https:\/\/www.nerecyilmaz.com\/wp-content\/uploads\/2025\/08\/gizia.webp\"><span data-alt=\"gizia\"><\/span><\/a><\/div><div class=\"rsContent\"><a class=\"rsImg\" data-rsw=\"302\" data-rsh=\"167\" href=\"https:\/\/www.nerecyilmaz.com\/wp-content\/uploads\/2025\/08\/selectum-blu-cruises.webp\"><span data-alt=\"selectum blu cruises\"><\/span><\/a><\/div><div class=\"rsContent\"><a class=\"rsImg\" data-rsw=\"320\" data-rsh=\"183\" href=\"https:\/\/www.nerecyilmaz.com\/wp-content\/uploads\/2025\/08\/burak-sercan-ercin.webp\"><span data-alt=\"burak sercan er\u00e7in\"><\/span><\/a><\/div><div class=\"rsContent\"><a class=\"rsImg\" data-rsw=\"300\" data-rsh=\"168\" href=\"https:\/\/www.nerecyilmaz.com\/wp-content\/uploads\/2025\/08\/calvin-klein.webp\"><span data-alt=\"calvin klein\"><\/span><\/a><\/div><div class=\"rsContent\"><a class=\"rsImg\" data-rsw=\"1600\" data-rsh=\"728\" href=\"https:\/\/www.nerecyilmaz.com\/wp-content\/uploads\/2025\/12\/Gulucuk-Yayinlari-gercek.webp\"><span data-alt=\"g\u00fcl\u00fcc\u00fck yay\u0131nlar\u0131\"><\/span><\/a><\/div><div class=\"rsContent\"><a class=\"rsImg\" data-rsw=\"299\" data-rsh=\"169\" href=\"https:\/\/www.nerecyilmaz.com\/wp-content\/uploads\/2025\/08\/tommy-hilfiger.webp\"><span data-alt=\"tommy hilfiger\"><\/span><\/a><\/div><div class=\"rsContent\"><a class=\"rsImg\" data-rsw=\"300\" data-rsh=\"168\" href=\"https:\/\/www.nerecyilmaz.com\/wp-content\/uploads\/2025\/08\/enplus.webp\"><span data-alt=\"enplus\"><\/span><\/a><\/div><div class=\"rsContent\"><a class=\"rsImg\" data-rsw=\"365\" data-rsh=\"138\" href=\"https:\/\/www.nerecyilmaz.com\/wp-content\/uploads\/2025\/08\/evdema.webp\"><span data-alt=\"evdema\"><\/span><\/a><\/div><div class=\"rsContent\"><a class=\"rsImg\" data-rsw=\"259\" data-rsh=\"194\" href=\"https:\/\/www.nerecyilmaz.com\/wp-content\/uploads\/2025\/08\/mandarin-oriental.webp\"><span data-alt=\"mandarin oriental\"><\/span><\/a><\/div><div class=\"rsContent\"><a class=\"rsImg\" data-rsw=\"175\" data-rsh=\"120\" href=\"https:\/\/www.nerecyilmaz.com\/wp-content\/uploads\/2025\/08\/TalkTubana.webp\"><span data-alt=\"talktubana\"><\/span><\/a><\/div><div class=\"rsContent\"><a class=\"rsImg\" data-rsw=\"230\" data-rsh=\"170\" href=\"https:\/\/www.nerecyilmaz.com\/wp-content\/uploads\/2025\/08\/yatsan.webp\"><span data-alt=\"yatsan\"><\/span><\/a><\/div><div class=\"rsContent\"><a class=\"rsImg\" data-rsw=\"422\" data-rsh=\"119\" href=\"https:\/\/www.nerecyilmaz.com\/wp-content\/uploads\/2025\/08\/yesilay-market.webp\"><span data-alt=\"ye\u015filay market\"><\/span><\/a><\/div><\/div><img decoding=\"async\" src=\"https:\/\/www.nerecyilmaz.com\/wp-content\/uploads\/2025\/08\/cointr.webp\" width=\"300\" height=\"93\" alt=\"cointr\" loading=\"lazy\"><\/div><div class=\"w-slider-json\" onclick='return {&quot;autoScaleSlider&quot;:true,&quot;addActiveClass&quot;:true,&quot;loop&quot;:true,&quot;fadeInLoadedSlide&quot;:false,&quot;slidesSpacing&quot;:0,&quot;imageScalePadding&quot;:0,&quot;numImagesToPreload&quot;:2,&quot;arrowsNav&quot;:true,&quot;arrowsNavAutoHide&quot;:false,&quot;transitionType&quot;:&quot;move&quot;,&quot;transitionSpeed&quot;:650,&quot;block&quot;:{&quot;moveEffect&quot;:&quot;none&quot;,&quot;speed&quot;:300},&quot;thumbs&quot;:{&quot;fitInViewport&quot;:false,&quot;firstMargin&quot;:false,&quot;spacing&quot;:4},&quot;controlNavigation&quot;:&quot;bullets&quot;,&quot;autoScaleSliderWidth&quot;:300,&quot;autoScaleSliderHeight&quot;:93}'><\/div><\/div><div class=\"w-separator size_medium\"><\/div><\/div><\/div><\/div><div class=\"w-separator size_medium\"><\/div><div class=\"wpb_text_column\"><div class=\"wpb_wrapper\"><h2><strong>Hizmet Kapsam\u0131 ve \u00d6ncelik<\/strong><\/h2>\n<p><span>T\u00fcm aksiyonlar \u201c<\/span><span><strong>Roadmap<\/strong><\/span><span>\u201d dosyas\u0131nda <\/span><span><strong>\u00d6ncelik \/ Sorumlu \/ Termin \/ Durum<\/strong><\/span><span> alanlar\u0131yla takip edilir.<\/span><\/p>\n<table style=\"height: 590px;\" width=\"414\">\n<tbody>\n<tr>\n<td>\n<p style=\"text-align: center;\"><b>Alan<\/b><\/p>\n<\/td>\n<td style=\"text-align: center;\"><b>\u00c7al\u0131\u015fma Ba\u015fl\u0131klar\u0131<\/b><\/td>\n<td>\n<p style=\"text-align: center;\"><b>\u00d6ncelik<\/b><\/p>\n<\/td>\n<\/tr>\n<tr>\n<td><b>Teknik SEO<\/b><\/td>\n<td><span style=\"font-weight: 400;\">Site h\u0131z optimizasyonu (JS, CSS, HTML), taranabilirlik &amp; indekslenebilirlik, yap\u0131land\u0131r\u0131lm\u0131\u015f veri, durum kodlar\u0131, k\u0131r\u0131k linkler, canonical, robots.txt &amp; sitemap, URL yap\u0131lar\u0131, mobil uyumluluk, hreflang<\/span><\/td>\n<td><b>\u0130lk 30 g\u00fcn &amp; 30\u201390 g\u00fcn<\/b><\/td>\n<\/tr>\n<tr>\n<td><b>Site \u0130\u00e7i SEO<\/b><\/td>\n<td><span style=\"font-weight: 400;\">Anahtar kelime haritalama, meta title &amp; description, heading yap\u0131s\u0131, g\u00f6rsel alt metinler, dahili linkleme, zay\u0131f\/\u00e7ak\u0131\u015fan sayfalar, i\u00e7erik \u015fablonlar\u0131<\/span><\/td>\n<td><b>\u0130lk 30 g\u00fcn<\/b><\/td>\n<\/tr>\n<tr>\n<td><b>Kullan\u0131c\u0131 Deneyimi (UX)<\/b><\/td>\n<td><span style=\"font-weight: 400;\">Navigasyon, kategori\/mimari d\u00fczen, d\u00f6n\u00fc\u015f\u00fcm odakl\u0131 d\u00fczenlemeler (CTA, form, g\u00fcven unsurlar\u0131)<\/span><\/td>\n<td><b>30\u201390 g\u00fcn<\/b><\/td>\n<\/tr>\n<tr>\n<td><b>\u0130\u00e7erik SEO<\/b><\/td>\n<td><span style=\"font-weight: 400;\">\u0130\u00e7erik brief\u2019leri, sezonsal trend takibi, EEAT\/YMYL uyumu, i\u00e7erik kalite denetimi<\/span><\/td>\n<td><b>S\u00fcrekli<\/b><\/td>\n<\/tr>\n<tr>\n<td><b>Site D\u0131\u015f\u0131 SEO<\/b><\/td>\n<td><span style=\"font-weight: 400;\">Zararl\u0131 ba\u011flant\u0131lar\u0131n tespiti\/engellenmesi, otorite sitelerden ba\u011flant\u0131 stratejisi<\/span><\/td>\n<td><b>S\u00fcrekli<\/b><\/td>\n<\/tr>\n<tr>\n<td><b>Local SEO<\/b><\/td>\n<td><span style=\"font-weight: 400;\">Google Business Profile, lokal alaka sinyalleri, NAP tutarl\u0131l\u0131\u011f\u0131<\/span><\/td>\n<td><b>30\u201390 g\u00fcn<\/b><\/td>\n<\/tr>\n<\/tbody>\n<\/table>\n<\/div><\/div><div class=\"w-separator size_medium\"><\/div><div class=\"wpb_text_column\"><div class=\"wpb_wrapper\"><h2><strong>Raporlama ve S\u00fcre\u00e7 Y\u00f6netimi<\/strong><\/h2>\n<ul>\n<li style=\"font-weight: 400;\" aria-level=\"1\"><span style=\"font-weight: 400;\">Her ay sonunda <\/span><b>ayl\u0131k rapor<\/b> <b>incelemesi<\/b><span style=\"font-weight: 400;\"> yapt\u0131\u011f\u0131m\u0131z bir toplant\u0131 ger\u00e7ekle\u015ftirilir. (Looker studio \u00fczerinden).<\/span><\/li>\n<li style=\"font-weight: 400;\" aria-level=\"1\"><b>Ayl\u0131k toplant\u0131lar<\/b><span style=\"font-weight: 400;\"> ile ilerleme, gerileme ve strateji gibi g\u00fcncellemeler payla\u015f\u0131l\u0131r.<\/span><\/li>\n<\/ul>\n<p><span style=\"font-weight: 400;\">T\u00fcm \u00e7al\u0131\u015fmalar <\/span><b>roadmap dosyas\u0131nda<\/b><span style=\"font-weight: 400;\"> \u00f6ncelik s\u0131ras\u0131na g\u00f6re i\u015flenir.<\/span><\/p>\n<h2><strong>\u0130\u00e7erik \u00dcretimi (Opsiyonel)<\/strong><\/h2>\n<p>SEO uyumlu i\u00e7erik yaz\u0131m\u0131 talebe g\u00f6re ayr\u0131ca planlan\u0131r. \u0130\u00e7erikler tamamen \u00f6zg\u00fcn ve insan yaz\u0131m\u0131d\u0131r. Dilerseniz ilk 3 ay i\u00e7in ayl\u0131k 36 i\u00e7erik paketine \u00f6zel fiyatland\u0131rma sunabilirim.<\/p>\n<\/div><\/div><div class=\"w-separator size_medium\"><\/div>\n<div class=\"wpcf7 no-js us_custom_eb849559\" id=\"wpcf7-f1529-o1\" lang=\"en-US\" dir=\"ltr\" data-wpcf7-id=\"1529\">\n<div class=\"screen-reader-response\"><p role=\"status\" aria-live=\"polite\" aria-atomic=\"true\"><\/p> <ul><\/ul><\/div>\n<form action=\"\/tr\/wp-json\/wp\/v2\/pages\/792#wpcf7-f1529-o1\" method=\"post\" class=\"wpcf7-form init\" aria-label=\"Contact form\" novalidate=\"novalidate\" data-status=\"init\">\n<fieldset class=\"hidden-fields-container\"><input type=\"hidden\" name=\"_wpcf7\" value=\"1529\" \/><input type=\"hidden\" name=\"_wpcf7_version\" value=\"6.1.5\" \/><input type=\"hidden\" name=\"_wpcf7_locale\" value=\"en_US\" \/><input type=\"hidden\" name=\"_wpcf7_unit_tag\" value=\"wpcf7-f1529-o1\" \/><input type=\"hidden\" name=\"_wpcf7_container_post\" value=\"0\" \/><input type=\"hidden\" name=\"_wpcf7_posted_data_hash\" value=\"\" \/>\n<\/fieldset>\n<div class=\"iletisim\">\n\t<div class=\"mail-form-area-title\">\n\t\t<div class=\"mail-form-area\">\n\t\t\t<div class=\"mail-form-area-title\" style=\"text-align:center; font-weight:bold;\">\n\t\t\t\t<p>Dan\u0131\u015fmanl\u0131k talebiniz i\u00e7in formu doldurun. Sizinle ileti\u015fime ge\u00e7ece\u011fim.\n\t\t\t\t<\/p>\n\t\t\t\t<div class=\"mail-form-area-line\">\n\t\t\t\t\t<p><label><span class=\"wpcf7-form-control-wrap\" data-name=\"your-name\"><input size=\"40\" maxlength=\"400\" class=\"wpcf7-form-control wpcf7-text wpcf7-validates-as-required\" autocomplete=\"name\" aria-required=\"true\" aria-invalid=\"false\" placeholder=\"\u0130sim Soyisim\" value=\"\" type=\"text\" name=\"your-name\" \/><\/span><\/label><br \/>\n<label><span class=\"wpcf7-form-control-wrap\" data-name=\"your-email\"><input size=\"40\" maxlength=\"400\" class=\"wpcf7-form-control wpcf7-email wpcf7-validates-as-required wpcf7-text wpcf7-validates-as-email\" autocomplete=\"email\" aria-required=\"true\" aria-invalid=\"false\" placeholder=\"Mail Adresi\" value=\"\" type=\"email\" name=\"your-email\" \/><\/span> <\/label><br \/>\n<label><span class=\"wpcf7-form-control-wrap\" data-name=\"your-phone\"><input size=\"40\" maxlength=\"400\" class=\"wpcf7-form-control wpcf7-tel wpcf7-validates-as-required wpcf7-text wpcf7-validates-as-tel\" autocomplete=\"phone\" aria-required=\"true\" aria-invalid=\"false\" placeholder=\"Telefon\" value=\"\" type=\"tel\" name=\"your-phone\" \/><\/span> <\/label>\n\t\t\t\t\t<\/p>\n\t\t\t\t<\/div>\n\t\t\t\t<p><label><span class=\"wpcf7-form-control-wrap\" data-name=\"your-message\"><textarea cols=\"40\" rows=\"10\" maxlength=\"2000\" class=\"wpcf7-form-control wpcf7-textarea\" autocomplete=\"message\" aria-invalid=\"false\" placeholder=\"Mesaj\u0131n (opsiyonel)\" name=\"your-message\"><\/textarea><\/span> <\/label>\n\t\t\t\t<\/p>\n\t\t\t\t<div style=\"font-size:14px;\">\n\t\t\t\t\t<p>\u0130\u015flemi \u00e7\u00f6z\u00fcn ve sonucu girerek bot olmad\u0131\u011f\u0131n\u0131z\u0131 do\u011frulay\u0131n.\n\t\t\t\t\t<\/p>\n\t\t\t\t<\/div>\n\t\t\t\t<p><span class=\"wpcf7-form-control-wrap\" data-name=\"quiz-861\"><label><span class=\"wpcf7-quiz-label\">28-13<\/span> <input size=\"40\" class=\"wpcf7-form-control wpcf7-quiz\" autocomplete=\"off\" aria-required=\"true\" aria-invalid=\"false\" type=\"text\" name=\"quiz-861\" \/><\/label><input type=\"hidden\" name=\"_wpcf7_quiz_answer_quiz-861\" value=\"05d2ae4d15cb9169b07685064fe25fb4\" \/><\/span><br \/>\n<input class=\"wpcf7-form-control wpcf7-submit has-spinner\" type=\"submit\" value=\"Submit\" \/>\n\t\t\t\t<\/p>\n\t\t\t<\/div>\n\t\t<\/div>\n\t<\/div>\n<\/div><p style=\"display: none !important;\" class=\"akismet-fields-container\" data-prefix=\"_wpcf7_ak_\"><label>&#916;<textarea name=\"_wpcf7_ak_hp_textarea\" cols=\"45\" rows=\"8\" maxlength=\"100\"><\/textarea><\/label><input type=\"hidden\" id=\"ak_js_1\" name=\"_wpcf7_ak_js\" value=\"235\"\/><script>document.getElementById( \"ak_js_1\" ).setAttribute( \"value\", ( new Date() ).getTime() );<\/script><\/p><div class=\"wpcf7-response-output\" aria-hidden=\"true\"><\/div>\n<\/form>\n<\/div>\n<div class=\"w-separator size_medium\"><\/div><div class=\"wpb_text_column\"><div class=\"wpb_wrapper\"><h4 style=\"text-align: center;\"><strong>SEO Dan\u0131\u015fmanl\u0131\u011f\u0131 S\u0131k\u00e7a Sorulan Sorular<\/strong><\/h4>\n<\/div><\/div><div class=\"w-tabs style_default switch_click accordion has_scrolling\" style=\"--sections-title-size:inherit\"><div class=\"w-tabs-sections titles-align_none icon_chevron cpos_right\"><div class=\"w-tabs-section\" id=\"h1f1\"><button class=\"w-tabs-section-header\" aria-controls=\"content-h1f1\" aria-expanded=\"false\"><div class=\"w-tabs-section-title\">SEO Dan\u0131\u015fmanl\u0131k \u00fccreti ne kadar?<\/div><div class=\"w-tabs-section-control\"><\/div><\/button><div  class=\"w-tabs-section-content\" id=\"content-h1f1\"><div class=\"w-tabs-section-content-h i-cf\"><div class=\"wpb_text_column\"><div class=\"wpb_wrapper\"><p><strong>SEO fiyatlar\u0131<\/strong> markan\u0131n hizmet sa\u011flad\u0131\u011f\u0131 sekt\u00f6r ve marka kapasitesi ile do\u011frudan ili\u015fkilidir. B\u00fcy\u00fck e-ticaret veya B2B markalarda uzun soluklu ve s\u0131k SEO takibi yap\u0131l\u0131rken; kurumsal markalarda daha \u00e7ok marka tan\u0131n\u0131rl\u0131\u011f\u0131 ad\u0131na i\u00e7erik \u00e7al\u0131\u015fmalar\u0131 yap\u0131labilir. Bu kapsamda SEO fiyatland\u0131rmas\u0131 da marka eforuna g\u00f6re de\u011fi\u015fkenlik g\u00f6stermektedir.<\/p>\n<p>Markan\u0131za \u00f6zel SEO analizi yapt\u0131rmak ve teklif almak i\u00e7in <a href=\"https:\/\/nerecyilmaz.com\/tr\/iletisim\/\" rel=\"nofollow noopener\" target=\"_blank\">ileti\u015fime ge\u00e7ebilirsiniz<\/a>.<\/p>\n<\/div><\/div><\/div><\/div><\/div><div class=\"w-tabs-section\" id=\"l2c5\"><button class=\"w-tabs-section-header\" aria-controls=\"content-l2c5\" aria-expanded=\"false\"><div class=\"w-tabs-section-title\">Google&#8217;da 1.s\u0131raya ne kadar s\u00fcrede gelirim?<\/div><div class=\"w-tabs-section-control\"><\/div><\/button><div  class=\"w-tabs-section-content\" id=\"content-l2c5\"><div class=\"w-tabs-section-content-h i-cf\"><div class=\"wpb_text_column\"><div class=\"wpb_wrapper\"><p>SEO sab\u0131r ve istikrar isteyen bir s\u00fcre\u00e7tir. K\u0131sa vadeli \u00e7\u00f6z\u00fcmler yerine uzun vadeli ba\u015far\u0131ya odaklan\u0131r. SEO dan\u0131\u015fmanl\u0131\u011f\u0131nda her zaman hedefimiz Google&#8217;da ilk sayfa ve ilk s\u0131rada yer almakt\u0131r. Bu s\u00fcre\u00e7 markadan markaya de\u011fi\u015fiklik g\u00f6stermektedir.<\/p>\n<\/div><\/div><\/div><\/div><\/div><div class=\"w-tabs-section\" id=\"g391\"><button class=\"w-tabs-section-header\" aria-controls=\"content-g391\" aria-expanded=\"false\"><div class=\"w-tabs-section-title\">Ne kadar s\u00fcrede sonu\u00e7 al\u0131r\u0131z?<\/div><div class=\"w-tabs-section-control\"><\/div><\/button><div  class=\"w-tabs-section-content\" id=\"content-g391\"><div class=\"w-tabs-section-content-h i-cf\"><div class=\"wpb_text_column\"><div class=\"wpb_wrapper\"><p data-pm-slice=\"1 1 &#091;&#093;\">Sekt\u00f6r, rekabet ve site durumuna ba\u011fl\u0131 de\u011fi\u015fmektedir. \u0130stikrarl\u0131 ve d\u00fczenli bir \u00e7al\u0131\u015fma sonucunda genellikle ilk 3. aydan itibaren ivmelenen sonu\u00e7lar g\u00f6r\u00fcl\u00fcr.<\/p>\n<\/div><\/div><\/div><\/div><\/div><div class=\"w-tabs-section\" id=\"h449\"><button class=\"w-tabs-section-header\" aria-controls=\"content-h449\" aria-expanded=\"false\"><div class=\"w-tabs-section-title\">Ajans m\u0131, dan\u0131\u015fan m\u0131?<\/div><div class=\"w-tabs-section-control\"><\/div><\/button><div  class=\"w-tabs-section-content\" id=\"content-h449\"><div class=\"w-tabs-section-content-h i-cf\"><div class=\"wpb_text_column\"><div class=\"wpb_wrapper\"><p>Do\u011frudan uzmanla \u00e7al\u0131\u015fman\u0131n esnekli\u011fi ve h\u0131z\u0131n\u0131 sunar\u0131m; ihtiya\u00e7 halinde geli\u015ftiriciniz\/ekibinizle koordineli ilerleriz.<\/p>\n<\/div><\/div><\/div><\/div><\/div><div class=\"w-tabs-section\" id=\"m4fc\"><button class=\"w-tabs-section-header\" aria-controls=\"content-m4fc\" aria-expanded=\"false\"><div class=\"w-tabs-section-title\">Raporlama nas\u0131l?<\/div><div class=\"w-tabs-section-control\"><\/div><\/button><div  class=\"w-tabs-section-content\" id=\"content-m4fc\"><div class=\"w-tabs-section-content-h i-cf\"><div class=\"wpb_text_column\"><div class=\"wpb_wrapper\"><p><span style=\"font-weight: 400;\">Ayl\u0131k rapor + toplant\u0131 ile t\u00fcm metrikler ve bir sonraki ad\u0131mlar net \u015fekilde aktar\u0131l\u0131r.<\/span><\/p>\n<\/div><\/div><\/div><\/div><\/div><\/div><\/div><\/div><\/div><\/div><\/div><\/section>\n","protected":false},"excerpt":{"rendered":"SEO Dan\u0131\u015fmanl\u0131\u011f\u0131 Organik g\u00f6r\u00fcn\u00fcrl\u00fc\u011f\u00fcn\u00fcz\u00fc ger\u00e7ek sat\u0131\u015fa ve lead\u2019e d\u00f6n\u00fc\u015ft\u00fcren veri odakl\u0131 SEO dan\u0131\u015fmanl\u0131\u011f\u0131. 8 y\u0131la yakla\u015fan dijital pazarlama deneyimi ve 5+ y\u0131l SEO uzmanl\u0131\u011f\u0131 ile tekni\u011fi, i\u00e7eri\u011fi ve otoriteyi ayn\u0131 hatta bulu\u015fturuyorum. SEO Dan\u0131\u015fmanl\u0131\u011f\u0131 Nedir? SEO dan\u0131\u015fmanl\u0131\u011f\u0131; Google, Yandex gibi arama motorlar\u0131nda \u00fcst s\u0131ralarda kal\u0131c\u0131 g\u00f6r\u00fcn\u00fcrl\u00fck sa\u011flamak i\u00e7in y\u00fcr\u00fct\u00fclen teknik, i\u00e7erik ve otorite \u00e7al\u0131\u015fmalar\u0131n\u0131n tamam\u0131d\u0131r....","protected":false},"author":1,"featured_media":2130,"parent":0,"menu_order":0,"comment_status":"closed","ping_status":"closed","template":"","meta":{"footnotes":""},"class_list":["post-792","page","type-page","status-publish","has-post-thumbnail","hentry"],"_links":{"self":[{"href":"https:\/\/www.nerecyilmaz.com\/tr\/wp-json\/wp\/v2\/pages\/792","targetHints":{"allow":["GET"]}}],"collection":[{"href":"https:\/\/www.nerecyilmaz.com\/tr\/wp-json\/wp\/v2\/pages"}],"about":[{"href":"https:\/\/www.nerecyilmaz.com\/tr\/wp-json\/wp\/v2\/types\/page"}],"author":[{"embeddable":true,"href":"https:\/\/www.nerecyilmaz.com\/tr\/wp-json\/wp\/v2\/users\/1"}],"replies":[{"embeddable":true,"href":"https:\/\/www.nerecyilmaz.com\/tr\/wp-json\/wp\/v2\/comments?post=792"}],"version-history":[{"count":2,"href":"https:\/\/www.nerecyilmaz.com\/tr\/wp-json\/wp\/v2\/pages\/792\/revisions"}],"predecessor-version":[{"id":2239,"href":"https:\/\/www.nerecyilmaz.com\/tr\/wp-json\/wp\/v2\/pages\/792\/revisions\/2239"}],"wp:featuredmedia":[{"embeddable":true,"href":"https:\/\/www.nerecyilmaz.com\/tr\/wp-json\/wp\/v2\/media\/2130"}],"wp:attachment":[{"href":"https:\/\/www.nerecyilmaz.com\/tr\/wp-json\/wp\/v2\/media?parent=792"}],"curies":[{"name":"wp","href":"https:\/\/api.w.org\/{rel}","templated":true}]}}